{"id":4726,"date":"2022-03-17T19:35:00","date_gmt":"2022-03-17T19:35:00","guid":{"rendered":"https:\/\/csa4x4.es\/?page_id=4726"},"modified":"2022-06-21T17:50:49","modified_gmt":"2022-06-21T17:50:49","slug":"working-with-us","status":"publish","type":"page","link":"https:\/\/csa4x4.es\/en\/trabaja-con-nosotros\/","title":{"rendered":"WORKING WITH US"},"content":{"rendered":"<p>[et_pb_section fb_built=\u00bb1&#8243; _builder_version=\u00bb3.0.98&#8243; background_image=\u00bbhttps:\/\/csa4x4.es\/wp-content\/uploads\/top-view-of-curvy-and-windy-road-in-countryside-2022-01-28-09-58-42-utc-scaled.jpg\u00bb][et_pb_row _builder_version=\u00bb3.0.47&#8243; background_size=\u00bbinitial\u00bb background_position=\u00bbtop_left\u00bb background_repeat=\u00bbrepeat\u00bb][et_pb_column type=\u00bb4_4&#8243; _builder_version=\u00bb3.0.47&#8243; parallax=\u00bboff\u00bb parallax_method=\u00bbon\u00bb][et_pb_text _builder_version=\u00bb3.0.98&#8243; header_font=\u00bb||||||||\u00bb header_font_size=\u00bb40px\u00bb]<\/p>\n<h1 style=\"text-align: center;\"><strong>TRABAJA CON NOSOTROS<\/strong><\/h1>\n<p>[\/et_pb_text][\/et_pb_column][\/et_pb_row][\/et_pb_section][et_pb_section fb_built=\u00bb1&#8243; _builder_version=\u00bb3.0.98&#8243; custom_padding=\u00bb11px|0px|9px|0px\u00bb][et_pb_row custom_padding=\u00bb27px|0px|5px|0px\u00bb _builder_version=\u00bb3.0.98&#8243;][et_pb_column type=\u00bb4_4&#8243; _builder_version=\u00bb3.0.47&#8243; parallax=\u00bboff\u00bb parallax_method=\u00bbon\u00bb][et_pb_text _builder_version=\u00bb3.0.98&#8243; text_font=\u00bb||||||||\u00bb header_font=\u00bb||||||||\u00bb header_font_size=\u00bb26px\u00bb]<\/p>\n<h2 style=\"text-align: center;\"><strong>\u00bfTe apasiona la preparaci\u00f3n de veh\u00edculos 4&#215;4?<\/strong><\/h2>\n<p>[\/et_pb_text][\/et_pb_column][\/et_pb_row][et_pb_row custom_padding=\u00bb9px|0px|9px|0px\u00bb _builder_version=\u00bb3.0.98&#8243;][et_pb_column type=\u00bb4_4&#8243; _builder_version=\u00bb3.0.47&#8243; parallax=\u00bboff\u00bb parallax_method=\u00bbon\u00bb][et_pb_text _builder_version=\u00bb3.0.98&#8243; text_font=\u00bb||||||||\u00bb text_font_size=\u00bb16px\u00bb]<\/p>\n<p style=\"text-align: center;\">\u00bfAl ver un todoterreno se llena tu mente de mejoras que llevar\u00edas acabo para conseguir que subiese por paredes verticales?<\/p>\n<p style=\"text-align: center;\">En CSA creemos que con trabajo en equipo todo es posible. Por ello, estamos buscando a gente con talento y grandes habilidades mec\u00e1nicas para formar parte de nuestra familia.\u00a0\u00bfTe apuntas?<\/p>\n<p style=\"text-align: center;\">\u00a0Queremos conocerte asique no dudes en enviarnos tus datos. Nos pondremos en contacto contigo lo antes posible.<\/p>\n<p>[\/et_pb_text][\/et_pb_column][\/et_pb_row][\/et_pb_section][et_pb_section fb_built=\u00bb1&#8243; _builder_version=\u00bb3.0.98&#8243; custom_padding=\u00bb13px|0px|0px|0px\u00bb][et_pb_row custom_padding=\u00bb2px|0px|3px|2px\u00bb _builder_version=\u00bb3.0.98&#8243;][et_pb_column type=\u00bb1_2&#8243; _builder_version=\u00bb3.0.47&#8243; parallax=\u00bboff\u00bb parallax_method=\u00bbon\u00bb][et_pb_text _builder_version=\u00bb3.0.98&#8243;]<\/p>\n<p style=\"text-align: center;\">[contact-form-7 id=\u00bb4707&#8243; title=\u00bbFORMULARIO PARA ENVIARNOS CV\u00bb]<\/p>\n<p>[\/et_pb_text][\/et_pb_column][et_pb_column type=\u00bb1_2&#8243; _builder_version=\u00bb3.0.47&#8243; parallax=\u00bboff\u00bb parallax_method=\u00bbon\u00bb][et_pb_image src=\u00bbhttps:\/\/csa4x4.es\/wp-content\/uploads\/car-mechanic-repairs-classic-vehicle-engine-2021-08-30-07-43-46-utc-scaled.jpeg\u00bb _builder_version=\u00bb3.0.98&#8243;][\/et_pb_image][\/et_pb_column][\/et_pb_row][\/et_pb_section][et_pb_section fb_built=\u00bb1&#8243; _builder_version=\u00bb3.0.98&#8243;][\/et_pb_section]<\/p>\n","protected":false},"excerpt":{"rendered":"<p>[et_pb_section fb_built=\u00bb1&#8243; _builder_version=\u00bb3.0.98&#8243; background_image=\u00bbhttps:\/\/csa4x4.es\/wp-content\/uploads\/top-view-of-curvy-and-windy-road-in-countryside-2022-01-28-09-58-42-utc-scaled.jpg\u00bb][et_pb_row _builder_version=\u00bb3.0.47&#8243; background_size=\u00bbinitial\u00bb background_position=\u00bbtop_left\u00bb background_repeat=\u00bbrepeat\u00bb][et_pb_column type=\u00bb4_4&#8243; _builder_version=\u00bb3.0.47&#8243; parallax=\u00bboff\u00bb parallax_method=\u00bbon\u00bb][et_pb_text _builder_version=\u00bb3.0.98&#8243; header_font=\u00bb||||||||\u00bb header_font_size=\u00bb40px\u00bb] TRABAJA CON NOSOTROS [\/et_pb_text][\/et_pb_column][\/et_pb_row][\/et_pb_section][et_pb_section fb_built=\u00bb1&#8243; _builder_version=\u00bb3.0.98&#8243; custom_padding=\u00bb11px|0px|9px|0px\u00bb][et_pb_row custom_padding=\u00bb27px|0px|5px|0px\u00bb _builder_version=\u00bb3.0.98&#8243;][et_pb_column type=\u00bb4_4&#8243; _builder_version=\u00bb3.0.47&#8243; parallax=\u00bboff\u00bb parallax_method=\u00bbon\u00bb][et_pb_text _builder_version=\u00bb3.0.98&#8243; text_font=\u00bb||||||||\u00bb header_font=\u00bb||||||||\u00bb header_font_size=\u00bb26px\u00bb] \u00bfTe apasiona la preparaci\u00f3n de veh\u00edculos 4&#215;4? [\/et_pb_text][\/et_pb_column][\/et_pb_row][et_pb_row custom_padding=\u00bb9px|0px|9px|0px\u00bb _builder_version=\u00bb3.0.98&#8243;][et_pb_column type=\u00bb4_4&#8243; _builder_version=\u00bb3.0.47&#8243; parallax=\u00bboff\u00bb parallax_method=\u00bbon\u00bb][et_pb_text _builder_version=\u00bb3.0.98&#8243; text_font=\u00bb||||||||\u00bb text_font_size=\u00bb16px\u00bb] \u00bfAl ver un todoterreno se llena [&hellip;]<\/p>\n","protected":false},"author":4,"featured_media":0,"parent":0,"menu_order":0,"comment_status":"closed","ping_status":"closed","template":"","meta":{"site-sidebar-layout":"default","site-content-layout":"","ast-site-content-layout":"default","site-content-style":"default","site-sidebar-style":"default","ast-global-header-display":"","ast-banner-title-visibility":"","ast-main-header-display":"","ast-hfb-above-header-display":"","ast-hfb-below-header-display":"","ast-hfb-mobile-header-display":"","site-post-title":"","ast-breadcrumbs-content":"","ast-featured-img":"","footer-sml-layout":"","ast-disable-related-posts":"","theme-transparent-header-meta":"","adv-header-id-meta":"","stick-header-meta":"","header-above-stick-meta":"","header-main-stick-meta":"","header-below-stick-meta":"","astra-migrate-meta-layouts":"default","ast-page-background-enabled":"default","ast-page-background-meta":{"desktop":{"background-color":"var(--ast-global-color-4)","background-image":"","background-repeat":"repeat","background-position":"center center","background-size":"auto","background-attachment":"scroll","background-type":"","background-media":"","overlay-type":"","overlay-color":"","overlay-opacity":"","overlay-gradient":""},"tablet":{"background-color":"","background-image":"","background-repeat":"repeat","background-position":"center center","background-size":"auto","background-attachment":"scroll","background-type":"","background-media":"","overlay-type":"","overlay-color":"","overlay-opacity":"","overlay-gradient":""},"mobile":{"background-color":"","background-image":"","background-repeat":"repeat","background-position":"center center","background-size":"auto","background-attachment":"scroll","background-type":"","background-media":"","overlay-type":"","overlay-color":"","overlay-opacity":"","overlay-gradient":""}},"ast-content-background-meta":{"desktop":{"background-color":"var(--ast-global-color-5)","background-image":"","background-repeat":"repeat","background-position":"center center","background-size":"auto","background-attachment":"scroll","background-type":"","background-media":"","overlay-type":"","overlay-color":"","overlay-opacity":"","overlay-gradient":""},"tablet":{"background-color":"var(--ast-global-color-5)","background-image":"","background-repeat":"repeat","background-position":"center center","background-size":"auto","background-attachment":"scroll","background-type":"","background-media":"","overlay-type":"","overlay-color":"","overlay-opacity":"","overlay-gradient":""},"mobile":{"background-color":"var(--ast-global-color-5)","background-image":"","background-repeat":"repeat","background-position":"center center","background-size":"auto","background-attachment":"scroll","background-type":"","background-media":"","overlay-type":"","overlay-color":"","overlay-opacity":"","overlay-gradient":""}},"footnotes":""},"class_list":["post-4726","page","type-page","status-publish","hentry"],"yoast_head":"<!-- This site is optimized with the Yoast SEO plugin v27.4 - https:\/\/yoast.com\/product\/yoast-seo-wordpress\/ -->\n<title>\u00bfQuieres forma parte de nuestro equipo?<\/title>\n<meta name=\"description\" content=\"Si quieres formarte como mec\u00e1nico en nuestro taller o ya cuentas con experiencia y quieres formarte parte de nuestro equipo CONTACTANOS\" \/>\n<meta name=\"robots\" content=\"index, follow, max-snippet:-1, max-image-preview:large, max-video-preview:-1\" \/>\n<link rel=\"canonical\" href=\"https:\/\/csa4x4.es\/en\/working-with-us\/\" \/>\n<meta property=\"og:locale\" content=\"en_GB\" \/>\n<meta property=\"og:type\" content=\"article\" \/>\n<meta property=\"og:title\" content=\"\u00bfQuieres forma parte de nuestro equipo?\" \/>\n<meta property=\"og:description\" content=\"Si quieres formarte como mec\u00e1nico en nuestro taller o ya cuentas con experiencia y quieres formarte parte de nuestro equipo CONTACTANOS\" \/>\n<meta property=\"og:url\" content=\"https:\/\/csa4x4.es\/en\/working-with-us\/\" \/>\n<meta property=\"og:site_name\" content=\"Preparaciones 4x4 y Taller 4x4, M\u00e1s de 25 A\u00f1os de Experiencia | CSA\" \/>\n<meta property=\"article:publisher\" content=\"https:\/\/www.facebook.com\/CsaPreparaciones\/\" \/>\n<meta property=\"article:modified_time\" content=\"2022-06-21T17:50:49+00:00\" \/>\n<meta name=\"twitter:card\" content=\"summary_large_image\" \/>\n<meta name=\"twitter:label1\" content=\"Estimated reading time\" \/>\n\t<meta name=\"twitter:data1\" content=\"2 minutes\" \/>\n<script type=\"application\/ld+json\" class=\"yoast-schema-graph\">{\"@context\":\"https:\\\/\\\/schema.org\",\"@graph\":[{\"@type\":\"WebPage\",\"@id\":\"https:\\\/\\\/csa4x4.es\\\/trabaja-con-nosotros\\\/\",\"url\":\"https:\\\/\\\/csa4x4.es\\\/trabaja-con-nosotros\\\/\",\"name\":\"\u00bfQuieres forma parte de nuestro equipo?\",\"isPartOf\":{\"@id\":\"https:\\\/\\\/csa4x4.es\\\/#website\"},\"datePublished\":\"2022-03-17T19:35:00+00:00\",\"dateModified\":\"2022-06-21T17:50:49+00:00\",\"description\":\"Si quieres formarte como mec\u00e1nico en nuestro taller o ya cuentas con experiencia y quieres formarte parte de nuestro equipo CONTACTANOS\",\"breadcrumb\":{\"@id\":\"https:\\\/\\\/csa4x4.es\\\/trabaja-con-nosotros\\\/#breadcrumb\"},\"inLanguage\":\"en-GB\",\"potentialAction\":[{\"@type\":\"ReadAction\",\"target\":[\"https:\\\/\\\/csa4x4.es\\\/trabaja-con-nosotros\\\/\"]}]},{\"@type\":\"BreadcrumbList\",\"@id\":\"https:\\\/\\\/csa4x4.es\\\/trabaja-con-nosotros\\\/#breadcrumb\",\"itemListElement\":[{\"@type\":\"ListItem\",\"position\":1,\"name\":\"CSA 4X4 - Taller 4x4\",\"item\":\"https:\\\/\\\/csa4x4.es\\\/\"},{\"@type\":\"ListItem\",\"position\":2,\"name\":\"TRABAJA CON NOSOTROS\"}]},{\"@type\":\"WebSite\",\"@id\":\"https:\\\/\\\/csa4x4.es\\\/#website\",\"url\":\"https:\\\/\\\/csa4x4.es\\\/\",\"name\":\"Preparaciones 4x4 y Taller 4x4, M\u00e1s de 25 A\u00f1os de Experiencia | CSA\",\"description\":\"Ofrecemos para la preparaci\u00f3n de tu 4x4 un equipo tanto humano como t\u00e9cnico \u00fanico en Espa\u00f1a. Vis\u00edtanos y ver\u00e1s las preparaciones que llevamos a cabo.\",\"publisher\":{\"@id\":\"https:\\\/\\\/csa4x4.es\\\/#organization\"},\"potentialAction\":[{\"@type\":\"SearchAction\",\"target\":{\"@type\":\"EntryPoint\",\"urlTemplate\":\"https:\\\/\\\/csa4x4.es\\\/?s={search_term_string}\"},\"query-input\":{\"@type\":\"PropertyValueSpecification\",\"valueRequired\":true,\"valueName\":\"search_term_string\"}}],\"inLanguage\":\"en-GB\"},{\"@type\":\"Organization\",\"@id\":\"https:\\\/\\\/csa4x4.es\\\/#organization\",\"name\":\"CSA preparaciones 4x4\",\"url\":\"https:\\\/\\\/csa4x4.es\\\/\",\"logo\":{\"@type\":\"ImageObject\",\"inLanguage\":\"en-GB\",\"@id\":\"https:\\\/\\\/csa4x4.es\\\/#\\\/schema\\\/logo\\\/image\\\/\",\"url\":\"https:\\\/\\\/csa4x4.es\\\/wp-content\\\/uploads\\\/csa-4x4-home-logo.png\",\"contentUrl\":\"https:\\\/\\\/csa4x4.es\\\/wp-content\\\/uploads\\\/csa-4x4-home-logo.png\",\"width\":178,\"height\":113,\"caption\":\"CSA preparaciones 4x4\"},\"image\":{\"@id\":\"https:\\\/\\\/csa4x4.es\\\/#\\\/schema\\\/logo\\\/image\\\/\"},\"sameAs\":[\"https:\\\/\\\/www.facebook.com\\\/CsaPreparaciones\\\/\",\"https:\\\/\\\/www.instagram.com\\\/csa4x4\\\/\",\"https:\\\/\\\/www.pinterest.es\\\/csapreparaciones\\\/\"]}]}<\/script>\n<!-- \/ Yoast SEO plugin. -->","yoast_head_json":{"title":"Do you want to be part of our team?","description":"If you want to train as a mechanic in our workshop or if you already have experience and want to join our team, please CONTACT US.","robots":{"index":"index","follow":"follow","max-snippet":"max-snippet:-1","max-image-preview":"max-image-preview:large","max-video-preview":"max-video-preview:-1"},"canonical":"https:\/\/csa4x4.es\/en\/working-with-us\/","og_locale":"en_GB","og_type":"article","og_title":"\u00bfQuieres forma parte de nuestro equipo?","og_description":"Si quieres formarte como mec\u00e1nico en nuestro taller o ya cuentas con experiencia y quieres formarte parte de nuestro equipo CONTACTANOS","og_url":"https:\/\/csa4x4.es\/en\/working-with-us\/","og_site_name":"Preparaciones 4x4 y Taller 4x4, M\u00e1s de 25 A\u00f1os de Experiencia | CSA","article_publisher":"https:\/\/www.facebook.com\/CsaPreparaciones\/","article_modified_time":"2022-06-21T17:50:49+00:00","twitter_card":"summary_large_image","twitter_misc":{"Estimated reading time":"2 minutes"},"schema":{"@context":"https:\/\/schema.org","@graph":[{"@type":"WebPage","@id":"https:\/\/csa4x4.es\/trabaja-con-nosotros\/","url":"https:\/\/csa4x4.es\/trabaja-con-nosotros\/","name":"Do you want to be part of our team?","isPartOf":{"@id":"https:\/\/csa4x4.es\/#website"},"datePublished":"2022-03-17T19:35:00+00:00","dateModified":"2022-06-21T17:50:49+00:00","description":"If you want to train as a mechanic in our workshop or if you already have experience and want to join our team, please CONTACT US.","breadcrumb":{"@id":"https:\/\/csa4x4.es\/trabaja-con-nosotros\/#breadcrumb"},"inLanguage":"en-GB","potentialAction":[{"@type":"ReadAction","target":["https:\/\/csa4x4.es\/trabaja-con-nosotros\/"]}]},{"@type":"BreadcrumbList","@id":"https:\/\/csa4x4.es\/trabaja-con-nosotros\/#breadcrumb","itemListElement":[{"@type":"ListItem","position":1,"name":"CSA 4X4 - Taller 4x4","item":"https:\/\/csa4x4.es\/"},{"@type":"ListItem","position":2,"name":"TRABAJA CON NOSOTROS"}]},{"@type":"WebSite","@id":"https:\/\/csa4x4.es\/#website","url":"https:\/\/csa4x4.es\/","name":"4x4 Preparations and 4x4 Workshop, More than 25 Years of Experience | CSA","description":"We offer for the preparation of your 4x4 a unique human and technical team in Spain. Visit us and you will see the preparations we carry out.","publisher":{"@id":"https:\/\/csa4x4.es\/#organization"},"potentialAction":[{"@type":"SearchAction","target":{"@type":"EntryPoint","urlTemplate":"https:\/\/csa4x4.es\/?s={search_term_string}"},"query-input":{"@type":"PropertyValueSpecification","valueRequired":true,"valueName":"search_term_string"}}],"inLanguage":"en-GB"},{"@type":"Organization","@id":"https:\/\/csa4x4.es\/#organization","name":"CSA 4x4 preparations","url":"https:\/\/csa4x4.es\/","logo":{"@type":"ImageObject","inLanguage":"en-GB","@id":"https:\/\/csa4x4.es\/#\/schema\/logo\/image\/","url":"https:\/\/csa4x4.es\/wp-content\/uploads\/csa-4x4-home-logo.png","contentUrl":"https:\/\/csa4x4.es\/wp-content\/uploads\/csa-4x4-home-logo.png","width":178,"height":113,"caption":"CSA preparaciones 4x4"},"image":{"@id":"https:\/\/csa4x4.es\/#\/schema\/logo\/image\/"},"sameAs":["https:\/\/www.facebook.com\/CsaPreparaciones\/","https:\/\/www.instagram.com\/csa4x4\/","https:\/\/www.pinterest.es\/csapreparaciones\/"]}]}},"_links":{"self":[{"href":"https:\/\/csa4x4.es\/en\/wp-json\/wp\/v2\/pages\/4726","targetHints":{"allow":["GET"]}}],"collection":[{"href":"https:\/\/csa4x4.es\/en\/wp-json\/wp\/v2\/pages"}],"about":[{"href":"https:\/\/csa4x4.es\/en\/wp-json\/wp\/v2\/types\/page"}],"author":[{"embeddable":true,"href":"https:\/\/csa4x4.es\/en\/wp-json\/wp\/v2\/users\/4"}],"replies":[{"embeddable":true,"href":"https:\/\/csa4x4.es\/en\/wp-json\/wp\/v2\/comments?post=4726"}],"version-history":[{"count":8,"href":"https:\/\/csa4x4.es\/en\/wp-json\/wp\/v2\/pages\/4726\/revisions"}],"predecessor-version":[{"id":5295,"href":"https:\/\/csa4x4.es\/en\/wp-json\/wp\/v2\/pages\/4726\/revisions\/5295"}],"wp:attachment":[{"href":"https:\/\/csa4x4.es\/en\/wp-json\/wp\/v2\/media?parent=4726"}],"curies":[{"name":"wp","href":"https:\/\/api.w.org\/{rel}","templated":true}]}}