{"id":3388,"date":"2018-11-22T01:36:57","date_gmt":"2018-11-22T01:36:57","guid":{"rendered":"https:\/\/csa4x4.es\/?page_id=3388"},"modified":"2024-03-18T10:42:12","modified_gmt":"2024-03-18T10:42:12","slug":"privacy-policy","status":"publish","type":"page","link":"https:\/\/csa4x4.es\/en\/politica-de-privacidad\/","title":{"rendered":"Privacy policy"},"content":{"rendered":"<div data-elementor-type=\"wp-page\" data-elementor-id=\"3388\" class=\"elementor elementor-3388\" data-elementor-post-type=\"page\">\n\t\t\t\t\t\t<section class=\"elementor-section elementor-top-section elementor-element elementor-element-698e1b01 elementor-section-boxed elementor-section-height-default elementor-section-height-default\" data-id=\"698e1b01\" data-element_type=\"section\" data-e-type=\"section\">\n\t\t\t\t\t\t<div class=\"elementor-container elementor-column-gap-default\">\n\t\t\t\t\t<div class=\"elementor-column elementor-col-100 elementor-top-column elementor-element elementor-element-7d3efdb6\" data-id=\"7d3efdb6\" data-element_type=\"column\" data-e-type=\"column\">\n\t\t\t<div class=\"elementor-widget-wrap elementor-element-populated\">\n\t\t\t\t\t\t<div class=\"elementor-element elementor-element-73daa761 elementor-widget elementor-widget-text-editor\" data-id=\"73daa761\" data-element_type=\"widget\" data-e-type=\"widget\" data-widget_type=\"text-editor.default\">\n\t\t\t\t<div class=\"elementor-widget-container\">\n\t\t\t\t\t\t\t\t\t<h1 class=\"p3\" style=\"text-align: justify;\"><span class=\"s1\"><b>PRIVACY POLICY<\/b><\/span><\/h1>\r\n<p class=\"p1\" style=\"text-align: justify;\"><span class=\"s1\"><b>1.- USER INFORMATION<\/b><\/span><\/p>\r\n<p class=\"p1\" style=\"text-align: justify;\"><span class=\"s1\">CSA PREPARACIONES 2000 SL informs users of its website about its policy regarding the treatment and protection of the personal data of users and clients that may be obtained from browsing or contracting services or purchasing products through its website.<\/span><\/p>\r\n<p class=\"p1\" style=\"text-align: justify;\"><span class=\"s1\">CSA PREPARACIONES 2000 SL is responsible for the processing of the User's personal data and informs you that this data will be processed in accordance with the provisions of current legislation on the protection of personal data, Regulation (EU) 2016\/679 of 27 April 2016 (GDPR) on the protection of natural persons with regard to the processing of personal data and the free movement of such data, for which reason you are provided with the following processing information:<\/span><\/p>\r\n\r\n<table class=\"t1\" cellspacing=\"0\" cellpadding=\"0\">\r\n<tbody>\r\n<tr>\r\n<td class=\"td1\" valign=\"top\">\r\n<p class=\"p1\"><span class=\"s1\"><b><i>End of treatment<\/i><\/b><\/span><\/p>\r\n<\/td>\r\n<td class=\"td2\" valign=\"top\">\r\n<p class=\"p1\"><span class=\"s1\"><b><i>Legal basis for processing<\/i><\/b><\/span><\/p>\r\n<\/td>\r\n<\/tr>\r\n<tr>\r\n<td class=\"td3\" valign=\"top\">\r\n<p class=\"p1\"><span class=\"s1\">Maintain a commercial relationship with the user<\/span><\/p>\r\n<\/td>\r\n<td class=\"td4\" valign=\"top\">\r\n<p class=\"p1\"><span class=\"s1\">Consent of the data subject<\/span><\/p>\r\n<\/td>\r\n<\/tr>\r\n<tr>\r\n<td class=\"td5\" valign=\"top\">\r\n<p class=\"p1\"><span class=\"s1\">Sending communications with information about products or services that the user has requested.<\/span><\/p>\r\n<\/td>\r\n<td class=\"td6\" valign=\"top\">\r\n<p class=\"p1\"><span class=\"s1\">Consent of the data subject<\/span><\/p>\r\n<\/td>\r\n<\/tr>\r\n<\/tbody>\r\n<\/table>\r\n<p class=\"p1\" style=\"text-align: justify;\"><span class=\"s1\">The operations envisaged to carry out the processing are:<\/span><\/p>\r\n\r\n<ul class=\"ul1\" style=\"text-align: justify;\">\r\n \t<li class=\"li1\"><span class=\"s1\">Sending commercial advertising communications by email, fax, SMS, MMS, social networks or any other electronic or physical means, present or future, that enable commercial communications to be made. These communications will be carried out by CSA PREPARACIONES 2000 SL and related to its products and services, or those of its collaborators or suppliers with whom it has reached a promotional agreement. In this case, third parties will never have access to personal data. <\/span><\/li>\r\n \t<li class=\"li1\"><span class=\"s1\">Conduct statistical studies. <\/span><\/li>\r\n \t<li class=\"li1\"><span class=\"s1\">To process orders, requests or any type of request made by the user through any of the forms of contact made available to them. <\/span><\/li>\r\n \t<li class=\"li1\"><span class=\"s1\">Send out the website newsletter. <\/span><\/li>\r\n<\/ul>\r\n<p class=\"p1\" style=\"text-align: justify;\"><span class=\"s1\"><b>Data retention criteria:<\/b> retained for as long as there is a mutual interest in maintaining the purpose of the processing and when no longer necessary for that purpose, deleted with appropriate security measures to ensure the pseudonymisation of the data or the complete destruction of the data.<\/span><\/p>\r\n<p class=\"p1\" style=\"text-align: justify;\"><span class=\"s1\"><b>Communication of data:<\/b> The data will not be communicated to any recipient, except by legal obligation.<\/span><\/p>\r\n<p class=\"p1\" style=\"text-align: justify;\"><span class=\"s1\"><b>Rights of the User:<\/b><\/span><\/p>\r\n\r\n<ul class=\"ul1\" style=\"text-align: justify;\">\r\n \t<li class=\"li1\"><span class=\"s1\">Right to withdraw consent at any time.<\/span><\/li>\r\n \t<li class=\"li1\"><span class=\"s1\">The right of access, rectification, portability and deletion of your data and the right to limit or oppose its processing.<\/span><\/li>\r\n \t<li class=\"li1\"><span class=\"s1\">The right to lodge a complaint with the supervisory authority (agpd.es) if you consider that the processing does not comply with the regulations in force.<\/span><\/li>\r\n<\/ul>\r\n<p class=\"p1\" style=\"text-align: justify;\"><span class=\"s1\"><b>Contact details for exercising your rights:<\/b><\/span><\/p>\r\n\r\n<ul class=\"ul1\" style=\"text-align: justify;\">\r\n \t<li class=\"li1\"><span class=\"s1\">Postal address: CSA PREPARACIONES 2000 SL. C\/ Guadarrama 25. La Encinilla. 28411 Moralzarzal (Madrid). Spain.<\/span><\/li>\r\n \t<li class=\"li1\"><span class=\"s1\">E-mail address: csa@csa4x4.es.<\/span><\/li>\r\n<\/ul>\r\n<p class=\"p1\" style=\"text-align: justify;\"><span class=\"s1\"><b>2.- OBLIGATORY OR OPTIONAL NATURE OF THE INFORMATION PROVIDED BY THE USER<\/b><\/span><\/p>\r\n<p class=\"p1\" style=\"text-align: justify;\"><span class=\"s1\">Users, by ticking the corresponding boxes and entering data in the fields marked with an asterisk (*) in the contact form or presented in download forms, expressly and freely and unequivocally accept that their data are necessary for the provider to deal with their request, the inclusion of data in the remaining fields being voluntary. <\/span><\/p>\r\n<p class=\"p1\" style=\"text-align: justify;\"><span class=\"s1\">The User guarantees that the personal data provided to the provider are truthful and is responsible for communicating any changes to them. <\/span><\/p>\r\n<p class=\"p1\" style=\"text-align: justify;\"><span class=\"s1\">The provider expressly informs and guarantees users that their personal data will not be transferred to third parties under any circumstances, and that whenever any type of transfer of personal data is carried out, the express, informed and unequivocal consent of the Users will be requested beforehand.<\/span><\/p>\r\n<p class=\"p1\" style=\"text-align: justify;\"><span class=\"s1\">All the data requested through the website and marked with (*) are obligatory as they are necessary for the provision of an optimal service to the User. The rest of the fields, although optional, may be necessary in order to have all the necessary information to adequately answer your query. If all the data is not provided, there is no guarantee that the information and services provided by the provider will be completely adapted to your needs.<\/span><\/p>\r\n<p class=\"p1\" style=\"text-align: justify;\"><span class=\"s1\"><b>3.- SECURITY MEASURES<\/b><\/span><\/p>\r\n<p class=\"p1\" style=\"text-align: justify;\"><span class=\"s1\">That in accordance with the provisions of the regulations in force on the protection of personal data, the provider is complying with all the provisions of the GDPR for the processing of personal data under its responsibility, and manifestly with the principles described in Article 5 of the GDPR, whereby they are processed lawfully, fairly and in a transparent manner in relation to the data subject and are adequate, relevant and limited to what is necessary in relation to the purposes for which they are processed.<\/span><\/p>\r\n<p class=\"p1\" style=\"text-align: justify;\"><span class=\"s1\">The Provider guarantees that it has implemented appropriate technical and organisational policies to apply the security measures established by the GDPR in order to protect the rights and freedoms of Users and has provided them with the appropriate information so that they can exercise them.<\/span><\/p>\t\t\t\t\t\t\t\t<\/div>\n\t\t\t\t<\/div>\n\t\t\t\t\t<\/div>\n\t\t<\/div>\n\t\t\t\t\t<\/div>\n\t\t<\/section>\n\t\t\t\t<\/div>","protected":false},"excerpt":{"rendered":"<p>POL\u00cdTICA DE PRIVACIDAD 1.- INFORMACI\u00d3N AL USUARIO CSA PREPARACIONES 2000 SL informa a los usuarios del sitio web sobre su pol\u00edtica respecto del tratamiento y protecci\u00f3n de los datos de car\u00e1cter personal de los usuarios y clientes que puedan ser recabados por la navegaci\u00f3n o contrataci\u00f3n de servicios o adquisici\u00f3n de productos, a trav\u00e9s de [&hellip;]<\/p>\n","protected":false},"author":2,"featured_media":0,"parent":0,"menu_order":0,"comment_status":"closed","ping_status":"closed","template":"elementor_header_footer","meta":{"site-sidebar-layout":"default","site-content-layout":"","ast-site-content-layout":"default","site-content-style":"default","site-sidebar-style":"default","ast-global-header-display":"","ast-banner-title-visibility":"","ast-main-header-display":"","ast-hfb-above-header-display":"","ast-hfb-below-header-display":"","ast-hfb-mobile-header-display":"","site-post-title":"","ast-breadcrumbs-content":"","ast-featured-img":"","footer-sml-layout":"","ast-disable-related-posts":"","theme-transparent-header-meta":"","adv-header-id-meta":"","stick-header-meta":"","header-above-stick-meta":"","header-main-stick-meta":"","header-below-stick-meta":"","astra-migrate-meta-layouts":"default","ast-page-background-enabled":"default","ast-page-background-meta":{"desktop":{"background-color":"var(--ast-global-color-4)","background-image":"","background-repeat":"repeat","background-position":"center center","background-size":"auto","background-attachment":"scroll","background-type":"","background-media":"","overlay-type":"","overlay-color":"","overlay-opacity":"","overlay-gradient":""},"tablet":{"background-color":"","background-image":"","background-repeat":"repeat","background-position":"center center","background-size":"auto","background-attachment":"scroll","background-type":"","background-media":"","overlay-type":"","overlay-color":"","overlay-opacity":"","overlay-gradient":""},"mobile":{"background-color":"","background-image":"","background-repeat":"repeat","background-position":"center center","background-size":"auto","background-attachment":"scroll","background-type":"","background-media":"","overlay-type":"","overlay-color":"","overlay-opacity":"","overlay-gradient":""}},"ast-content-background-meta":{"desktop":{"background-color":"var(--ast-global-color-5)","background-image":"","background-repeat":"repeat","background-position":"center center","background-size":"auto","background-attachment":"scroll","background-type":"","background-media":"","overlay-type":"","overlay-color":"","overlay-opacity":"","overlay-gradient":""},"tablet":{"background-color":"var(--ast-global-color-5)","background-image":"","background-repeat":"repeat","background-position":"center center","background-size":"auto","background-attachment":"scroll","background-type":"","background-media":"","overlay-type":"","overlay-color":"","overlay-opacity":"","overlay-gradient":""},"mobile":{"background-color":"var(--ast-global-color-5)","background-image":"","background-repeat":"repeat","background-position":"center center","background-size":"auto","background-attachment":"scroll","background-type":"","background-media":"","overlay-type":"","overlay-color":"","overlay-opacity":"","overlay-gradient":""}},"footnotes":""},"class_list":["post-3388","page","type-page","status-publish","hentry"],"yoast_head":"<!-- This site is optimized with the Yoast SEO plugin v27.3 - https:\/\/yoast.com\/product\/yoast-seo-wordpress\/ -->\n<title>Pol\u00edtica de privacidad | Preparaciones 4x4 y Taller 4x4, M\u00e1s de 25 A\u00f1os de Experiencia | CSA<\/title>\n<meta name=\"robots\" content=\"index, follow, max-snippet:-1, max-image-preview:large, max-video-preview:-1\" \/>\n<link rel=\"canonical\" href=\"https:\/\/csa4x4.es\/en\/privacy-policy\/\" \/>\n<meta property=\"og:locale\" content=\"en_GB\" \/>\n<meta property=\"og:type\" content=\"article\" \/>\n<meta property=\"og:title\" content=\"Pol\u00edtica de privacidad | Preparaciones 4x4 y Taller 4x4, M\u00e1s de 25 A\u00f1os de Experiencia | CSA\" \/>\n<meta property=\"og:description\" content=\"POL\u00cdTICA DE PRIVACIDAD 1.- INFORMACI\u00d3N AL USUARIO CSA PREPARACIONES 2000 SL informa a los usuarios del sitio web sobre su pol\u00edtica respecto del tratamiento y protecci\u00f3n de los datos de car\u00e1cter personal de los usuarios y clientes que puedan ser recabados por la navegaci\u00f3n o contrataci\u00f3n de servicios o adquisici\u00f3n de productos, a trav\u00e9s de [&hellip;]\" \/>\n<meta property=\"og:url\" content=\"https:\/\/csa4x4.es\/en\/privacy-policy\/\" \/>\n<meta property=\"og:site_name\" content=\"Preparaciones 4x4 y Taller 4x4, M\u00e1s de 25 A\u00f1os de Experiencia | CSA\" \/>\n<meta property=\"article:publisher\" content=\"https:\/\/www.facebook.com\/CsaPreparaciones\/\" \/>\n<meta property=\"article:modified_time\" content=\"2024-03-18T10:42:12+00:00\" \/>\n<meta name=\"twitter:card\" content=\"summary_large_image\" \/>\n<meta name=\"twitter:label1\" content=\"Estimated reading time\" \/>\n\t<meta name=\"twitter:data1\" content=\"4 minutes\" \/>\n<script type=\"application\/ld+json\" class=\"yoast-schema-graph\">{\"@context\":\"https:\\\/\\\/schema.org\",\"@graph\":[{\"@type\":\"WebPage\",\"@id\":\"https:\\\/\\\/csa4x4.es\\\/politica-de-privacidad\\\/\",\"url\":\"https:\\\/\\\/csa4x4.es\\\/politica-de-privacidad\\\/\",\"name\":\"Pol\u00edtica de privacidad | Preparaciones 4x4 y Taller 4x4, M\u00e1s de 25 A\u00f1os de Experiencia | CSA\",\"isPartOf\":{\"@id\":\"https:\\\/\\\/csa4x4.es\\\/#website\"},\"datePublished\":\"2018-11-22T01:36:57+00:00\",\"dateModified\":\"2024-03-18T10:42:12+00:00\",\"breadcrumb\":{\"@id\":\"https:\\\/\\\/csa4x4.es\\\/politica-de-privacidad\\\/#breadcrumb\"},\"inLanguage\":\"en-GB\",\"potentialAction\":[{\"@type\":\"ReadAction\",\"target\":[\"https:\\\/\\\/csa4x4.es\\\/politica-de-privacidad\\\/\"]}]},{\"@type\":\"BreadcrumbList\",\"@id\":\"https:\\\/\\\/csa4x4.es\\\/politica-de-privacidad\\\/#breadcrumb\",\"itemListElement\":[{\"@type\":\"ListItem\",\"position\":1,\"name\":\"CSA 4X4 - Taller 4x4\",\"item\":\"https:\\\/\\\/csa4x4.es\\\/\"},{\"@type\":\"ListItem\",\"position\":2,\"name\":\"Pol\u00edtica de privacidad\"}]},{\"@type\":\"WebSite\",\"@id\":\"https:\\\/\\\/csa4x4.es\\\/#website\",\"url\":\"https:\\\/\\\/csa4x4.es\\\/\",\"name\":\"Preparaciones 4x4 y Taller 4x4, M\u00e1s de 25 A\u00f1os de Experiencia | CSA\",\"description\":\"Ofrecemos para la preparaci\u00f3n de tu 4x4 un equipo tanto humano como t\u00e9cnico \u00fanico en Espa\u00f1a. Vis\u00edtanos y ver\u00e1s las preparaciones que llevamos a cabo.\",\"publisher\":{\"@id\":\"https:\\\/\\\/csa4x4.es\\\/#organization\"},\"potentialAction\":[{\"@type\":\"SearchAction\",\"target\":{\"@type\":\"EntryPoint\",\"urlTemplate\":\"https:\\\/\\\/csa4x4.es\\\/?s={search_term_string}\"},\"query-input\":{\"@type\":\"PropertyValueSpecification\",\"valueRequired\":true,\"valueName\":\"search_term_string\"}}],\"inLanguage\":\"en-GB\"},{\"@type\":\"Organization\",\"@id\":\"https:\\\/\\\/csa4x4.es\\\/#organization\",\"name\":\"CSA preparaciones 4x4\",\"url\":\"https:\\\/\\\/csa4x4.es\\\/\",\"logo\":{\"@type\":\"ImageObject\",\"inLanguage\":\"en-GB\",\"@id\":\"https:\\\/\\\/csa4x4.es\\\/#\\\/schema\\\/logo\\\/image\\\/\",\"url\":\"https:\\\/\\\/csa4x4.es\\\/wp-content\\\/uploads\\\/csa-4x4-home-logo.png\",\"contentUrl\":\"https:\\\/\\\/csa4x4.es\\\/wp-content\\\/uploads\\\/csa-4x4-home-logo.png\",\"width\":178,\"height\":113,\"caption\":\"CSA preparaciones 4x4\"},\"image\":{\"@id\":\"https:\\\/\\\/csa4x4.es\\\/#\\\/schema\\\/logo\\\/image\\\/\"},\"sameAs\":[\"https:\\\/\\\/www.facebook.com\\\/CsaPreparaciones\\\/\",\"https:\\\/\\\/www.instagram.com\\\/csa4x4\\\/\",\"https:\\\/\\\/www.pinterest.es\\\/csapreparaciones\\\/\"]}]}<\/script>\n<!-- \/ Yoast SEO plugin. -->","yoast_head_json":{"title":"Privacy Policy | 4x4 Preparations and 4x4 Workshop, More than 25 Years of Experience | CSA","robots":{"index":"index","follow":"follow","max-snippet":"max-snippet:-1","max-image-preview":"max-image-preview:large","max-video-preview":"max-video-preview:-1"},"canonical":"https:\/\/csa4x4.es\/en\/privacy-policy\/","og_locale":"en_GB","og_type":"article","og_title":"Pol\u00edtica de privacidad | Preparaciones 4x4 y Taller 4x4, M\u00e1s de 25 A\u00f1os de Experiencia | CSA","og_description":"POL\u00cdTICA DE PRIVACIDAD 1.- INFORMACI\u00d3N AL USUARIO CSA PREPARACIONES 2000 SL informa a los usuarios del sitio web sobre su pol\u00edtica respecto del tratamiento y protecci\u00f3n de los datos de car\u00e1cter personal de los usuarios y clientes que puedan ser recabados por la navegaci\u00f3n o contrataci\u00f3n de servicios o adquisici\u00f3n de productos, a trav\u00e9s de [&hellip;]","og_url":"https:\/\/csa4x4.es\/en\/privacy-policy\/","og_site_name":"Preparaciones 4x4 y Taller 4x4, M\u00e1s de 25 A\u00f1os de Experiencia | CSA","article_publisher":"https:\/\/www.facebook.com\/CsaPreparaciones\/","article_modified_time":"2024-03-18T10:42:12+00:00","twitter_card":"summary_large_image","twitter_misc":{"Estimated reading time":"4 minutes"},"schema":{"@context":"https:\/\/schema.org","@graph":[{"@type":"WebPage","@id":"https:\/\/csa4x4.es\/politica-de-privacidad\/","url":"https:\/\/csa4x4.es\/politica-de-privacidad\/","name":"Privacy Policy | 4x4 Preparations and 4x4 Workshop, More than 25 Years of Experience | CSA","isPartOf":{"@id":"https:\/\/csa4x4.es\/#website"},"datePublished":"2018-11-22T01:36:57+00:00","dateModified":"2024-03-18T10:42:12+00:00","breadcrumb":{"@id":"https:\/\/csa4x4.es\/politica-de-privacidad\/#breadcrumb"},"inLanguage":"en-GB","potentialAction":[{"@type":"ReadAction","target":["https:\/\/csa4x4.es\/politica-de-privacidad\/"]}]},{"@type":"BreadcrumbList","@id":"https:\/\/csa4x4.es\/politica-de-privacidad\/#breadcrumb","itemListElement":[{"@type":"ListItem","position":1,"name":"CSA 4X4 - Taller 4x4","item":"https:\/\/csa4x4.es\/"},{"@type":"ListItem","position":2,"name":"Pol\u00edtica de privacidad"}]},{"@type":"WebSite","@id":"https:\/\/csa4x4.es\/#website","url":"https:\/\/csa4x4.es\/","name":"4x4 Preparations and 4x4 Workshop, More than 25 Years of Experience | CSA","description":"We offer for the preparation of your 4x4 a unique human and technical team in Spain. Visit us and you will see the preparations we carry out.","publisher":{"@id":"https:\/\/csa4x4.es\/#organization"},"potentialAction":[{"@type":"SearchAction","target":{"@type":"EntryPoint","urlTemplate":"https:\/\/csa4x4.es\/?s={search_term_string}"},"query-input":{"@type":"PropertyValueSpecification","valueRequired":true,"valueName":"search_term_string"}}],"inLanguage":"en-GB"},{"@type":"Organization","@id":"https:\/\/csa4x4.es\/#organization","name":"CSA 4x4 preparations","url":"https:\/\/csa4x4.es\/","logo":{"@type":"ImageObject","inLanguage":"en-GB","@id":"https:\/\/csa4x4.es\/#\/schema\/logo\/image\/","url":"https:\/\/csa4x4.es\/wp-content\/uploads\/csa-4x4-home-logo.png","contentUrl":"https:\/\/csa4x4.es\/wp-content\/uploads\/csa-4x4-home-logo.png","width":178,"height":113,"caption":"CSA preparaciones 4x4"},"image":{"@id":"https:\/\/csa4x4.es\/#\/schema\/logo\/image\/"},"sameAs":["https:\/\/www.facebook.com\/CsaPreparaciones\/","https:\/\/www.instagram.com\/csa4x4\/","https:\/\/www.pinterest.es\/csapreparaciones\/"]}]}},"_links":{"self":[{"href":"https:\/\/csa4x4.es\/en\/wp-json\/wp\/v2\/pages\/3388","targetHints":{"allow":["GET"]}}],"collection":[{"href":"https:\/\/csa4x4.es\/en\/wp-json\/wp\/v2\/pages"}],"about":[{"href":"https:\/\/csa4x4.es\/en\/wp-json\/wp\/v2\/types\/page"}],"author":[{"embeddable":true,"href":"https:\/\/csa4x4.es\/en\/wp-json\/wp\/v2\/users\/2"}],"replies":[{"embeddable":true,"href":"https:\/\/csa4x4.es\/en\/wp-json\/wp\/v2\/comments?post=3388"}],"version-history":[{"count":4,"href":"https:\/\/csa4x4.es\/en\/wp-json\/wp\/v2\/pages\/3388\/revisions"}],"predecessor-version":[{"id":8853,"href":"https:\/\/csa4x4.es\/en\/wp-json\/wp\/v2\/pages\/3388\/revisions\/8853"}],"wp:attachment":[{"href":"https:\/\/csa4x4.es\/en\/wp-json\/wp\/v2\/media?parent=3388"}],"curies":[{"name":"wp","href":"https:\/\/api.w.org\/{rel}","templated":true}]}}