{"id":2721,"date":"2018-02-28T04:02:19","date_gmt":"2018-02-28T04:02:19","guid":{"rendered":"http:\/\/csa4x4.es\/?page_id=2721"},"modified":"2024-03-18T10:43:14","modified_gmt":"2024-03-18T10:43:14","slug":"legal-notice","status":"publish","type":"page","link":"https:\/\/csa4x4.es\/en\/aviso-legal\/","title":{"rendered":"Legal Notice"},"content":{"rendered":"<div data-elementor-type=\"wp-page\" data-elementor-id=\"2721\" class=\"elementor elementor-2721\" data-elementor-post-type=\"page\">\n\t\t\t\t\t\t<section class=\"elementor-section elementor-top-section elementor-element elementor-element-a8e7e58 elementor-section-boxed elementor-section-height-default elementor-section-height-default\" data-id=\"a8e7e58\" data-element_type=\"section\" data-e-type=\"section\">\n\t\t\t\t\t\t<div class=\"elementor-container elementor-column-gap-default\">\n\t\t\t\t\t<div class=\"elementor-column elementor-col-100 elementor-top-column elementor-element elementor-element-a05d0cd\" data-id=\"a05d0cd\" data-element_type=\"column\" data-e-type=\"column\">\n\t\t\t<div class=\"elementor-widget-wrap elementor-element-populated\">\n\t\t\t\t\t\t<div class=\"elementor-element elementor-element-adf8844 elementor-widget elementor-widget-text-editor\" data-id=\"adf8844\" data-element_type=\"widget\" data-e-type=\"widget\" data-widget_type=\"text-editor.default\">\n\t\t\t\t<div class=\"elementor-widget-container\">\n\t\t\t\t\t\t\t\t\t<h3 class=\"p3\" style=\"text-align: justify;\"><span style=\"text-decoration: underline;\"><strong><span class=\"s1\">LEGAL NOTICE<\/span><\/strong><\/span><\/h3>\r\n<p class=\"p5\" style=\"text-align: justify;\"><span class=\"s1\"><b>IDENTIFICATION DATA:<\/b><\/span><\/p>\r\n\r\n<ul style=\"text-align: justify;\">\r\n \t<li class=\"p1\"><span class=\"s1\">Domain name: www.csa4x4.es<\/span><\/li>\r\n \t<li class=\"p1\"><span class=\"s1\">Trade name: CSA PREPARATIONS 2000<\/span><\/li>\r\n \t<li class=\"p1\"><span class=\"s1\">Company name: CSA PREPARACIONES 2000 SL<\/span><\/li>\r\n \t<li class=\"p1\"><span class=\"s1\">VAT NO: B82304742<\/span><\/li>\r\n \t<li class=\"p1\"><span class=\"s1\">Registered office: C\/ Guadarrama 25 , 28411 P.I. La Encinilla - Moralzarzal (Madrid). Spain.<\/span><\/li>\r\n \t<li class=\"p1\"><span class=\"s1\">Telephone: 918427213<\/span><\/li>\r\n \t<li class=\"p1\"><span class=\"s1\">e-mail: csa@csa4x4.es<\/span><\/li>\r\n \t<li class=\"p1\"><span class=\"s1\">Registered in the Mercantile Registry of Madrid, Volume 14156, Folio 162, Section 8, Page M-232775.<\/span><\/li>\r\n<\/ul>\r\n<p class=\"p1\" style=\"text-align: justify;\"><span class=\"s1\"><b>OBJECT<\/b><\/span><\/p>\r\n<p class=\"p1\" style=\"text-align: justify;\"><span class=\"s1\">CSA PREPARACIONES 2000 SL, responsible for the website, hereinafter the Provider, provides users with this document with which it intends to comply with the obligations set out in Law 34\/2002, on Information Society Services and Electronic Commerce (LSSICE), as well as to inform all users of the website about the conditions of use of the same.<\/span><\/p>\r\n<p class=\"p1\" style=\"text-align: justify;\"><span class=\"s1\">Any person accessing this website assumes the role of user, committing themselves to the observance and strict compliance with the provisions herein, as well as any other legal provision that may be applicable.<\/span><\/p>\r\n<p class=\"p1\" style=\"text-align: justify;\"><span class=\"s1\">The Provider reserves the right to modify any type of information that may appear on the website, without any obligation to give prior notice or inform users of such obligations, with publication on the Provider's website being understood to be sufficient.<\/span><\/p>\r\n<p class=\"p1\" style=\"text-align: justify;\"><span class=\"s1\"><b>RESPONSIBILITY<\/b><\/span><\/p>\r\n<p class=\"p1\" style=\"text-align: justify;\"><span class=\"s1\">The provider disclaims any liability for the information published on its website, provided that this information has been manipulated or introduced by a third party external to the same.<\/span><\/p>\r\n<p class=\"p1\" style=\"text-align: justify;\"><span class=\"s1\"><b>USE OF COOKIES<\/b><\/span><\/p>\r\n<p class=\"p1\" style=\"text-align: justify;\"><span class=\"s1\">This website does not use cookies, although cookies will be installed if you access the content of the videos that appear on our website (www.youtube.com). <\/span><\/p>\r\n<p class=\"p1\" style=\"text-align: justify;\"><span class=\"s1\"><b>IP ADDRESSES<\/b><\/span><\/p>\r\n<p class=\"p1\" style=\"text-align: justify;\"><span class=\"s1\">The website servers may automatically detect the IP address and domain name used by the user. An IP address is a number automatically assigned to a computer when it connects to the Internet. All this information is recorded in a server activity file that allows the data to be further processed in order to obtain purely statistical measurements that make it possible to know the number of page impressions, the number of visits made to the web servers, the order of visits, the access point, etc.<\/span><\/p>\r\n<p class=\"p1\" style=\"text-align: justify;\"><span class=\"s1\"><b>LINKS POLICY<\/b><\/span><\/p>\r\n<p class=\"p1\" style=\"text-align: justify;\"><span class=\"s1\">From this website it is possible that you may be redirected to the contents of third party websites. Given that the provider cannot always control the content posted by third parties on their websites, the provider assumes no liability whatsoever for such content. In any case, the provider declares that it will immediately remove any content that could contravene national or international legislation, morality or public order, proceeding to the immediate withdrawal of the redirection to said website, informing the competent authorities of the content in question.<\/span><\/p>\r\n<p class=\"p1\" style=\"text-align: justify;\"><span class=\"s1\">The provider is not responsible for the information and content stored, including but not limited to, in forums, chat's, blog generators, comments, social networks or any other medium that allows third parties to publish content independently on the provider's website. However, and in compliance with the provisions of art. 11 and 16 of the LSSICE, the provider is available to all users, authorities and security forces, actively collaborating in the removal or blocking of all content that could affect or contravene national or international legislation, the rights of third parties or morality and public order. <\/span><\/p>\r\n<p class=\"p1\" style=\"text-align: justify;\"><span class=\"s1\">In the event that the user considers that there is any content on the website that could be susceptible to this classification, please notify the website administrator immediately.<\/span><\/p>\r\n<p class=\"p1\" style=\"text-align: justify;\"><span class=\"s1\">This website has been checked and tested to ensure that it functions correctly. In principle, it can be guaranteed to function correctly 365 days a year, 24 hours a day. However, the provider does not rule out the possibility of the existence of certain programming errors, or the occurrence of force majeure, natural disasters, strikes, or similar circumstances that make it impossible to access the website.<\/span><\/p>\r\n<p class=\"p1\" style=\"text-align: justify;\"><span class=\"s1\"><b>DATA PROTECTION:<\/b><\/span><\/p>\r\n<p class=\"p1\" style=\"text-align: justify;\"><span class=\"s1\">The provider is deeply committed to compliance with the regulations on the protection of personal data, and guarantees full compliance with the required obligations, as well as the implementation of the security measures provided by the current regulations, i.e. the General Data Protection Regulation, Regulation (EU) 2016\/679.<\/span><\/p>\r\n<p class=\"p1\" style=\"text-align: justify;\"><span class=\"s1\">Under these obligations the provider must:<\/span><\/p>\r\n\r\n<ul class=\"ul1\" style=\"text-align: justify;\">\r\n \t<li class=\"li1\"><span class=\"s1\">Inform data subjects about the circumstances surrounding the processing of their data.<\/span><\/li>\r\n \t<li class=\"li1\"><span class=\"s1\">Make the information available to data subjects at the time the data are requested, prior to collection or registration, if the data are obtained directly from the data subject.<\/span><\/li>\r\n \t<li class=\"li1\"><span class=\"s1\">And, in the event that the data are not obtained from the data subject himself, because they come from a legitimate transfer, or from publicly accessible sources, the Data Controller informs the persons concerned within a reasonable period of time.<\/span><\/li>\r\n<\/ul>\r\n<p class=\"p1\" style=\"text-align: justify;\"><span class=\"s1\">Likewise, the provider informs you that it complies with Law 34\/2002 of 11 July, on Information Society Services and Electronic Commerce and will request your consent to the processing of your e-mail for commercial purposes at all times. For more information see our \"Privacy Policy\".<\/span><\/p>\r\n<p class=\"p1\" style=\"text-align: justify;\"><span class=\"s1\"><b>INTELLECTUAL AND INDUSTRIAL PROPERTY:<\/b><\/span><\/p>\r\n<p class=\"p1\" style=\"text-align: justify;\"><span class=\"s1\">The website, including but not limited to its programming, editing, compilation and other elements necessary for its operation, designs, logos, text and\/or graphics are the property of the provider or, where appropriate, are licensed or expressly authorised by the authors. <\/span><\/p>\r\n<p class=\"p1\" style=\"text-align: justify;\"><span class=\"s1\">All the contents of the website are duly protected by intellectual and industrial property regulations. <\/span><\/p>\r\n<p class=\"p1\" style=\"text-align: justify;\"><span class=\"s1\">Regardless of the purpose for which they were intended, the total or partial reproduction, use, exploitation, distribution and marketing, requires in any case the prior written authorisation of the provider. Any use not previously authorised by the provider will be considered a serious breach of the intellectual or industrial property rights of the author.<\/span><\/p>\r\n<p class=\"p1\" style=\"text-align: justify;\"><span class=\"s1\">The designs, logos, text and\/or graphics not belonging to the provider and which may appear on the website belong to their respective owners, who are themselves responsible for any possible controversy that may arise with respect to the same. In any case, the provider has the express prior authorisation of the same.<\/span><\/p>\r\n<p class=\"p1\" style=\"text-align: justify;\"><span class=\"s1\">The provider expressly authorises third parties to redirect directly to the specific contents of the website, and in any case must redirect to the home page of the provider's website.<\/span><\/p>\r\n<p class=\"p1\" style=\"text-align: justify;\"><span class=\"s1\">The provider recognises the corresponding intellectual and industrial property rights in favour of their owners, and their mere mention or appearance on the website does not imply the existence of any rights or liability whatsoever on the part of the provider with regard to the same, nor any endorsement, sponsorship or recommendation on its part.<\/span><\/p>\r\n<p class=\"p1\" style=\"text-align: justify;\"><span class=\"s1\">If you wish to make any comments regarding possible breaches of intellectual or industrial property rights, or regarding any of the contents of the website, you may do so by sending an e-mail to the following address: csa@csa4x4.<\/span><\/p>\r\n<p class=\"p1\" style=\"text-align: justify;\"><span class=\"s1\"><b>SSL<\/b><\/span><\/p>\r\n<p class=\"p1\" style=\"text-align: justify;\"><span class=\"s1\">The Provider has contracted a SSL (\"Secure Sockets Layer\") certificate for its website.<\/span><\/p>\r\n<p class=\"p1\" style=\"text-align: justify;\"><span class=\"s1\">An SSL certificate protects all personal and confidential information that can be handled on a website, regardless of the information that is being transmitted, for example, from any of the website's contact forms to the server, or data entered for newsletter subscriptions or access to protected areas, etc.<\/span><\/p>\r\n<p class=\"p1\" style=\"text-align: justify;\"><span class=\"s1\">The website address will appear in green, activating the \"https\" protocol that allows secure connections from a web server to the user's browser.<\/span><\/p>\r\n<p class=\"p1\" style=\"text-align: justify;\"><span class=\"s1\"><b>APPLICABLE LAW AND JURISDICTION:<\/b><\/span><\/p>\r\n<p class=\"p1\" style=\"text-align: justify;\"><span class=\"s1\">For the resolution of all disputes or questions related to this website or the activities carried out therein, Spanish legislation shall apply, to which the parties expressly submit themselves, and the Courts and Tribunals of Moralzarzal, Madrid, shall be competent for the resolution of all disputes arising from or related to its use, unless the Law imposes another jurisdiction.<\/span><\/p>\r\n<p class=\"p1\" style=\"text-align: justify;\"><\/p>\t\t\t\t\t\t\t\t<\/div>\n\t\t\t\t<\/div>\n\t\t\t\t\t<\/div>\n\t\t<\/div>\n\t\t\t\t\t<\/div>\n\t\t<\/section>\n\t\t\t\t<\/div>","protected":false},"excerpt":{"rendered":"<p>AVISO LEGAL DATOS IDENTIFICATIVOS: Nombre de dominio: www.csa4x4.es Nombre comercial: CSA PREPARACIONES 2000 Denominaci\u00f3n social: CSA PREPARACIONES 2000 SL NIF: B82304742 Domicilio social: C\/ Guadarrama 25 , 28411 P.I. La Encinilla &#8211; Moralzarzal (Madrid). Espa\u00f1a. Tel\u00e9fono: 918427213 e-mail: csa@csa4x4.es Inscrita en el Registro Mercantil de Madrid, Tomo 14156, Folio 162, Secci\u00f3n 8, Hoja M-232775 OBJETO [&hellip;]<\/p>\n","protected":false},"author":1,"featured_media":0,"parent":0,"menu_order":0,"comment_status":"closed","ping_status":"closed","template":"elementor_header_footer","meta":{"site-sidebar-layout":"default","site-content-layout":"","ast-site-content-layout":"default","site-content-style":"default","site-sidebar-style":"default","ast-global-header-display":"","ast-banner-title-visibility":"","ast-main-header-display":"","ast-hfb-above-header-display":"","ast-hfb-below-header-display":"","ast-hfb-mobile-header-display":"","site-post-title":"","ast-breadcrumbs-content":"","ast-featured-img":"","footer-sml-layout":"","ast-disable-related-posts":"","theme-transparent-header-meta":"","adv-header-id-meta":"","stick-header-meta":"","header-above-stick-meta":"","header-main-stick-meta":"","header-below-stick-meta":"","astra-migrate-meta-layouts":"default","ast-page-background-enabled":"default","ast-page-background-meta":{"desktop":{"background-color":"var(--ast-global-color-4)","background-image":"","background-repeat":"repeat","background-position":"center center","background-size":"auto","background-attachment":"scroll","background-type":"","background-media":"","overlay-type":"","overlay-color":"","overlay-opacity":"","overlay-gradient":""},"tablet":{"background-color":"","background-image":"","background-repeat":"repeat","background-position":"center center","background-size":"auto","background-attachment":"scroll","background-type":"","background-media":"","overlay-type":"","overlay-color":"","overlay-opacity":"","overlay-gradient":""},"mobile":{"background-color":"","background-image":"","background-repeat":"repeat","background-position":"center center","background-size":"auto","background-attachment":"scroll","background-type":"","background-media":"","overlay-type":"","overlay-color":"","overlay-opacity":"","overlay-gradient":""}},"ast-content-background-meta":{"desktop":{"background-color":"var(--ast-global-color-5)","background-image":"","background-repeat":"repeat","background-position":"center center","background-size":"auto","background-attachment":"scroll","background-type":"","background-media":"","overlay-type":"","overlay-color":"","overlay-opacity":"","overlay-gradient":""},"tablet":{"background-color":"var(--ast-global-color-5)","background-image":"","background-repeat":"repeat","background-position":"center center","background-size":"auto","background-attachment":"scroll","background-type":"","background-media":"","overlay-type":"","overlay-color":"","overlay-opacity":"","overlay-gradient":""},"mobile":{"background-color":"var(--ast-global-color-5)","background-image":"","background-repeat":"repeat","background-position":"center center","background-size":"auto","background-attachment":"scroll","background-type":"","background-media":"","overlay-type":"","overlay-color":"","overlay-opacity":"","overlay-gradient":""}},"footnotes":""},"class_list":["post-2721","page","type-page","status-publish","hentry"],"yoast_head":"<!-- This site is optimized with the Yoast SEO plugin v27.3 - https:\/\/yoast.com\/product\/yoast-seo-wordpress\/ -->\n<title>Aviso Legal | Preparaciones 4x4 y Taller 4x4, M\u00e1s de 25 A\u00f1os de Experiencia | CSA<\/title>\n<meta name=\"robots\" content=\"index, follow, max-snippet:-1, max-image-preview:large, max-video-preview:-1\" \/>\n<link rel=\"canonical\" href=\"https:\/\/csa4x4.es\/en\/legal-notice\/\" \/>\n<meta property=\"og:locale\" content=\"en_GB\" \/>\n<meta property=\"og:type\" content=\"article\" \/>\n<meta property=\"og:title\" content=\"Aviso Legal | Preparaciones 4x4 y Taller 4x4, M\u00e1s de 25 A\u00f1os de Experiencia | CSA\" \/>\n<meta property=\"og:description\" content=\"AVISO LEGAL DATOS IDENTIFICATIVOS: Nombre de dominio: www.csa4x4.es Nombre comercial: CSA PREPARACIONES 2000 Denominaci\u00f3n social: CSA PREPARACIONES 2000 SL NIF: B82304742 Domicilio social: C\/ Guadarrama 25 , 28411 P.I. La Encinilla &#8211; Moralzarzal (Madrid). Espa\u00f1a. Tel\u00e9fono: 918427213 e-mail: csa@csa4x4.es Inscrita en el Registro Mercantil de Madrid, Tomo 14156, Folio 162, Secci\u00f3n 8, Hoja M-232775 OBJETO [&hellip;]\" \/>\n<meta property=\"og:url\" content=\"https:\/\/csa4x4.es\/en\/legal-notice\/\" \/>\n<meta property=\"og:site_name\" content=\"Preparaciones 4x4 y Taller 4x4, M\u00e1s de 25 A\u00f1os de Experiencia | CSA\" \/>\n<meta property=\"article:publisher\" content=\"https:\/\/www.facebook.com\/CsaPreparaciones\/\" \/>\n<meta property=\"article:modified_time\" content=\"2024-03-18T10:43:14+00:00\" \/>\n<meta name=\"twitter:card\" content=\"summary_large_image\" \/>\n<meta name=\"twitter:label1\" content=\"Estimated reading time\" \/>\n\t<meta name=\"twitter:data1\" content=\"7 minutes\" \/>\n<script type=\"application\/ld+json\" class=\"yoast-schema-graph\">{\"@context\":\"https:\\\/\\\/schema.org\",\"@graph\":[{\"@type\":\"WebPage\",\"@id\":\"https:\\\/\\\/csa4x4.es\\\/aviso-legal\\\/\",\"url\":\"https:\\\/\\\/csa4x4.es\\\/aviso-legal\\\/\",\"name\":\"Aviso Legal | Preparaciones 4x4 y Taller 4x4, M\u00e1s de 25 A\u00f1os de Experiencia | CSA\",\"isPartOf\":{\"@id\":\"https:\\\/\\\/csa4x4.es\\\/#website\"},\"datePublished\":\"2018-02-28T04:02:19+00:00\",\"dateModified\":\"2024-03-18T10:43:14+00:00\",\"breadcrumb\":{\"@id\":\"https:\\\/\\\/csa4x4.es\\\/aviso-legal\\\/#breadcrumb\"},\"inLanguage\":\"en-GB\",\"potentialAction\":[{\"@type\":\"ReadAction\",\"target\":[\"https:\\\/\\\/csa4x4.es\\\/aviso-legal\\\/\"]}]},{\"@type\":\"BreadcrumbList\",\"@id\":\"https:\\\/\\\/csa4x4.es\\\/aviso-legal\\\/#breadcrumb\",\"itemListElement\":[{\"@type\":\"ListItem\",\"position\":1,\"name\":\"CSA 4X4 - Taller 4x4\",\"item\":\"https:\\\/\\\/csa4x4.es\\\/\"},{\"@type\":\"ListItem\",\"position\":2,\"name\":\"Aviso Legal\"}]},{\"@type\":\"WebSite\",\"@id\":\"https:\\\/\\\/csa4x4.es\\\/#website\",\"url\":\"https:\\\/\\\/csa4x4.es\\\/\",\"name\":\"Preparaciones 4x4 y Taller 4x4, M\u00e1s de 25 A\u00f1os de Experiencia | CSA\",\"description\":\"Ofrecemos para la preparaci\u00f3n de tu 4x4 un equipo tanto humano como t\u00e9cnico \u00fanico en Espa\u00f1a. Vis\u00edtanos y ver\u00e1s las preparaciones que llevamos a cabo.\",\"publisher\":{\"@id\":\"https:\\\/\\\/csa4x4.es\\\/#organization\"},\"potentialAction\":[{\"@type\":\"SearchAction\",\"target\":{\"@type\":\"EntryPoint\",\"urlTemplate\":\"https:\\\/\\\/csa4x4.es\\\/?s={search_term_string}\"},\"query-input\":{\"@type\":\"PropertyValueSpecification\",\"valueRequired\":true,\"valueName\":\"search_term_string\"}}],\"inLanguage\":\"en-GB\"},{\"@type\":\"Organization\",\"@id\":\"https:\\\/\\\/csa4x4.es\\\/#organization\",\"name\":\"CSA preparaciones 4x4\",\"url\":\"https:\\\/\\\/csa4x4.es\\\/\",\"logo\":{\"@type\":\"ImageObject\",\"inLanguage\":\"en-GB\",\"@id\":\"https:\\\/\\\/csa4x4.es\\\/#\\\/schema\\\/logo\\\/image\\\/\",\"url\":\"https:\\\/\\\/csa4x4.es\\\/wp-content\\\/uploads\\\/csa-4x4-home-logo.png\",\"contentUrl\":\"https:\\\/\\\/csa4x4.es\\\/wp-content\\\/uploads\\\/csa-4x4-home-logo.png\",\"width\":178,\"height\":113,\"caption\":\"CSA preparaciones 4x4\"},\"image\":{\"@id\":\"https:\\\/\\\/csa4x4.es\\\/#\\\/schema\\\/logo\\\/image\\\/\"},\"sameAs\":[\"https:\\\/\\\/www.facebook.com\\\/CsaPreparaciones\\\/\",\"https:\\\/\\\/www.instagram.com\\\/csa4x4\\\/\",\"https:\\\/\\\/www.pinterest.es\\\/csapreparaciones\\\/\"]}]}<\/script>\n<!-- \/ Yoast SEO plugin. -->","yoast_head_json":{"title":"Legal Notice : 4x4 Preparations and 4x4 Workshop, More than 25 Years of Experience : CSA","robots":{"index":"index","follow":"follow","max-snippet":"max-snippet:-1","max-image-preview":"max-image-preview:large","max-video-preview":"max-video-preview:-1"},"canonical":"https:\/\/csa4x4.es\/en\/legal-notice\/","og_locale":"en_GB","og_type":"article","og_title":"Aviso Legal | Preparaciones 4x4 y Taller 4x4, M\u00e1s de 25 A\u00f1os de Experiencia | CSA","og_description":"AVISO LEGAL DATOS IDENTIFICATIVOS: Nombre de dominio: www.csa4x4.es Nombre comercial: CSA PREPARACIONES 2000 Denominaci\u00f3n social: CSA PREPARACIONES 2000 SL NIF: B82304742 Domicilio social: C\/ Guadarrama 25 , 28411 P.I. La Encinilla &#8211; Moralzarzal (Madrid). Espa\u00f1a. Tel\u00e9fono: 918427213 e-mail: csa@csa4x4.es Inscrita en el Registro Mercantil de Madrid, Tomo 14156, Folio 162, Secci\u00f3n 8, Hoja M-232775 OBJETO [&hellip;]","og_url":"https:\/\/csa4x4.es\/en\/legal-notice\/","og_site_name":"Preparaciones 4x4 y Taller 4x4, M\u00e1s de 25 A\u00f1os de Experiencia | CSA","article_publisher":"https:\/\/www.facebook.com\/CsaPreparaciones\/","article_modified_time":"2024-03-18T10:43:14+00:00","twitter_card":"summary_large_image","twitter_misc":{"Estimated reading time":"7 minutes"},"schema":{"@context":"https:\/\/schema.org","@graph":[{"@type":"WebPage","@id":"https:\/\/csa4x4.es\/aviso-legal\/","url":"https:\/\/csa4x4.es\/aviso-legal\/","name":"Legal Notice : 4x4 Preparations and 4x4 Workshop, More than 25 Years of Experience : CSA","isPartOf":{"@id":"https:\/\/csa4x4.es\/#website"},"datePublished":"2018-02-28T04:02:19+00:00","dateModified":"2024-03-18T10:43:14+00:00","breadcrumb":{"@id":"https:\/\/csa4x4.es\/aviso-legal\/#breadcrumb"},"inLanguage":"en-GB","potentialAction":[{"@type":"ReadAction","target":["https:\/\/csa4x4.es\/aviso-legal\/"]}]},{"@type":"BreadcrumbList","@id":"https:\/\/csa4x4.es\/aviso-legal\/#breadcrumb","itemListElement":[{"@type":"ListItem","position":1,"name":"CSA 4X4 - Taller 4x4","item":"https:\/\/csa4x4.es\/"},{"@type":"ListItem","position":2,"name":"Aviso Legal"}]},{"@type":"WebSite","@id":"https:\/\/csa4x4.es\/#website","url":"https:\/\/csa4x4.es\/","name":"4x4 Preparations and 4x4 Workshop, More than 25 Years of Experience | CSA","description":"We offer for the preparation of your 4x4 a unique human and technical team in Spain. Visit us and you will see the preparations we carry out.","publisher":{"@id":"https:\/\/csa4x4.es\/#organization"},"potentialAction":[{"@type":"SearchAction","target":{"@type":"EntryPoint","urlTemplate":"https:\/\/csa4x4.es\/?s={search_term_string}"},"query-input":{"@type":"PropertyValueSpecification","valueRequired":true,"valueName":"search_term_string"}}],"inLanguage":"en-GB"},{"@type":"Organization","@id":"https:\/\/csa4x4.es\/#organization","name":"CSA 4x4 preparations","url":"https:\/\/csa4x4.es\/","logo":{"@type":"ImageObject","inLanguage":"en-GB","@id":"https:\/\/csa4x4.es\/#\/schema\/logo\/image\/","url":"https:\/\/csa4x4.es\/wp-content\/uploads\/csa-4x4-home-logo.png","contentUrl":"https:\/\/csa4x4.es\/wp-content\/uploads\/csa-4x4-home-logo.png","width":178,"height":113,"caption":"CSA preparaciones 4x4"},"image":{"@id":"https:\/\/csa4x4.es\/#\/schema\/logo\/image\/"},"sameAs":["https:\/\/www.facebook.com\/CsaPreparaciones\/","https:\/\/www.instagram.com\/csa4x4\/","https:\/\/www.pinterest.es\/csapreparaciones\/"]}]}},"_links":{"self":[{"href":"https:\/\/csa4x4.es\/en\/wp-json\/wp\/v2\/pages\/2721","targetHints":{"allow":["GET"]}}],"collection":[{"href":"https:\/\/csa4x4.es\/en\/wp-json\/wp\/v2\/pages"}],"about":[{"href":"https:\/\/csa4x4.es\/en\/wp-json\/wp\/v2\/types\/page"}],"author":[{"embeddable":true,"href":"https:\/\/csa4x4.es\/en\/wp-json\/wp\/v2\/users\/1"}],"replies":[{"embeddable":true,"href":"https:\/\/csa4x4.es\/en\/wp-json\/wp\/v2\/comments?post=2721"}],"version-history":[{"count":12,"href":"https:\/\/csa4x4.es\/en\/wp-json\/wp\/v2\/pages\/2721\/revisions"}],"predecessor-version":[{"id":8857,"href":"https:\/\/csa4x4.es\/en\/wp-json\/wp\/v2\/pages\/2721\/revisions\/8857"}],"wp:attachment":[{"href":"https:\/\/csa4x4.es\/en\/wp-json\/wp\/v2\/media?parent=2721"}],"curies":[{"name":"wp","href":"https:\/\/api.w.org\/{rel}","templated":true}]}}