{"id":6756,"date":"2023-02-25T10:23:41","date_gmt":"2023-02-25T10:23:41","guid":{"rendered":"https:\/\/csa4x4.es\/?page_id=6756"},"modified":"2023-02-25T10:23:41","modified_gmt":"2023-02-25T10:23:41","slug":"projekt-in-ordnung","status":"publish","type":"page","link":"https:\/\/csa4x4.es\/de\/project-okey\/","title":{"rendered":"okey"},"content":{"rendered":"<p>okey<\/p>","protected":false},"excerpt":{"rendered":"<p>okey<\/p>","protected":false},"author":4,"featured_media":0,"parent":0,"menu_order":0,"comment_status":"closed","ping_status":"closed","template":"elementor_header_footer","meta":{"site-sidebar-layout":"default","site-content-layout":"","ast-site-content-layout":"default","site-content-style":"default","site-sidebar-style":"default","ast-global-header-display":"","ast-banner-title-visibility":"","ast-main-header-display":"","ast-hfb-above-header-display":"","ast-hfb-below-header-display":"","ast-hfb-mobile-header-display":"","site-post-title":"","ast-breadcrumbs-content":"","ast-featured-img":"","footer-sml-layout":"","ast-disable-related-posts":"","theme-transparent-header-meta":"","adv-header-id-meta":"","stick-header-meta":"","header-above-stick-meta":"","header-main-stick-meta":"","header-below-stick-meta":"","astra-migrate-meta-layouts":"default","ast-page-background-enabled":"default","ast-page-background-meta":{"desktop":{"background-color":"var(--ast-global-color-4)","background-image":"","background-repeat":"repeat","background-position":"center center","background-size":"auto","background-attachment":"scroll","background-type":"","background-media":"","overlay-type":"","overlay-color":"","overlay-opacity":"","overlay-gradient":""},"tablet":{"background-color":"","background-image":"","background-repeat":"repeat","background-position":"center center","background-size":"auto","background-attachment":"scroll","background-type":"","background-media":"","overlay-type":"","overlay-color":"","overlay-opacity":"","overlay-gradient":""},"mobile":{"background-color":"","background-image":"","background-repeat":"repeat","background-position":"center center","background-size":"auto","background-attachment":"scroll","background-type":"","background-media":"","overlay-type":"","overlay-color":"","overlay-opacity":"","overlay-gradient":""}},"ast-content-background-meta":{"desktop":{"background-color":"var(--ast-global-color-5)","background-image":"","background-repeat":"repeat","background-position":"center center","background-size":"auto","background-attachment":"scroll","background-type":"","background-media":"","overlay-type":"","overlay-color":"","overlay-opacity":"","overlay-gradient":""},"tablet":{"background-color":"var(--ast-global-color-5)","background-image":"","background-repeat":"repeat","background-position":"center center","background-size":"auto","background-attachment":"scroll","background-type":"","background-media":"","overlay-type":"","overlay-color":"","overlay-opacity":"","overlay-gradient":""},"mobile":{"background-color":"var(--ast-global-color-5)","background-image":"","background-repeat":"repeat","background-position":"center center","background-size":"auto","background-attachment":"scroll","background-type":"","background-media":"","overlay-type":"","overlay-color":"","overlay-opacity":"","overlay-gradient":""}},"footnotes":""},"class_list":["post-6756","page","type-page","status-publish","hentry"],"yoast_head":"<!-- This site is optimized with the Yoast SEO plugin v27.4 - https:\/\/yoast.com\/product\/yoast-seo-wordpress\/ -->\n<title>okey | Preparaciones 4x4 y Taller 4x4, M\u00e1s de 25 A\u00f1os de Experiencia | CSA<\/title>\n<meta name=\"robots\" content=\"index, follow, max-snippet:-1, max-image-preview:large, max-video-preview:-1\" \/>\n<link rel=\"canonical\" href=\"https:\/\/csa4x4.es\/de\/projekt-in-ordnung\/\" \/>\n<meta property=\"og:locale\" content=\"de_DE\" \/>\n<meta property=\"og:type\" content=\"article\" \/>\n<meta property=\"og:title\" content=\"okey | Preparaciones 4x4 y Taller 4x4, M\u00e1s de 25 A\u00f1os de Experiencia | CSA\" \/>\n<meta property=\"og:description\" content=\"okey\" \/>\n<meta property=\"og:url\" content=\"https:\/\/csa4x4.es\/de\/projekt-in-ordnung\/\" \/>\n<meta property=\"og:site_name\" content=\"Preparaciones 4x4 y Taller 4x4, M\u00e1s de 25 A\u00f1os de Experiencia | CSA\" \/>\n<meta property=\"article:publisher\" content=\"https:\/\/www.facebook.com\/CsaPreparaciones\/\" \/>\n<meta name=\"twitter:card\" content=\"summary_large_image\" \/>\n<meta name=\"twitter:label1\" content=\"Gesch\u00e4tzte Lesezeit\" \/>\n\t<meta name=\"twitter:data1\" content=\"1\u00a0Minute\" \/>\n<script type=\"application\/ld+json\" class=\"yoast-schema-graph\">{\"@context\":\"https:\\\/\\\/schema.org\",\"@graph\":[{\"@type\":\"WebPage\",\"@id\":\"https:\\\/\\\/csa4x4.es\\\/project-okey\\\/\",\"url\":\"https:\\\/\\\/csa4x4.es\\\/project-okey\\\/\",\"name\":\"okey | Preparaciones 4x4 y Taller 4x4, M\u00e1s de 25 A\u00f1os de Experiencia | CSA\",\"isPartOf\":{\"@id\":\"https:\\\/\\\/csa4x4.es\\\/#website\"},\"datePublished\":\"2023-02-25T10:23:41+00:00\",\"breadcrumb\":{\"@id\":\"https:\\\/\\\/csa4x4.es\\\/project-okey\\\/#breadcrumb\"},\"inLanguage\":\"de\",\"potentialAction\":[{\"@type\":\"ReadAction\",\"target\":[\"https:\\\/\\\/csa4x4.es\\\/project-okey\\\/\"]}]},{\"@type\":\"BreadcrumbList\",\"@id\":\"https:\\\/\\\/csa4x4.es\\\/project-okey\\\/#breadcrumb\",\"itemListElement\":[{\"@type\":\"ListItem\",\"position\":1,\"name\":\"CSA 4X4 - Taller 4x4\",\"item\":\"https:\\\/\\\/csa4x4.es\\\/\"},{\"@type\":\"ListItem\",\"position\":2,\"name\":\"okey\"}]},{\"@type\":\"WebSite\",\"@id\":\"https:\\\/\\\/csa4x4.es\\\/#website\",\"url\":\"https:\\\/\\\/csa4x4.es\\\/\",\"name\":\"Preparaciones 4x4 y Taller 4x4, M\u00e1s de 25 A\u00f1os de Experiencia | CSA\",\"description\":\"Ofrecemos para la preparaci\u00f3n de tu 4x4 un equipo tanto humano como t\u00e9cnico \u00fanico en Espa\u00f1a. Vis\u00edtanos y ver\u00e1s las preparaciones que llevamos a cabo.\",\"publisher\":{\"@id\":\"https:\\\/\\\/csa4x4.es\\\/#organization\"},\"potentialAction\":[{\"@type\":\"SearchAction\",\"target\":{\"@type\":\"EntryPoint\",\"urlTemplate\":\"https:\\\/\\\/csa4x4.es\\\/?s={search_term_string}\"},\"query-input\":{\"@type\":\"PropertyValueSpecification\",\"valueRequired\":true,\"valueName\":\"search_term_string\"}}],\"inLanguage\":\"de\"},{\"@type\":\"Organization\",\"@id\":\"https:\\\/\\\/csa4x4.es\\\/#organization\",\"name\":\"CSA preparaciones 4x4\",\"url\":\"https:\\\/\\\/csa4x4.es\\\/\",\"logo\":{\"@type\":\"ImageObject\",\"inLanguage\":\"de\",\"@id\":\"https:\\\/\\\/csa4x4.es\\\/#\\\/schema\\\/logo\\\/image\\\/\",\"url\":\"https:\\\/\\\/csa4x4.es\\\/wp-content\\\/uploads\\\/csa-4x4-home-logo.png\",\"contentUrl\":\"https:\\\/\\\/csa4x4.es\\\/wp-content\\\/uploads\\\/csa-4x4-home-logo.png\",\"width\":178,\"height\":113,\"caption\":\"CSA preparaciones 4x4\"},\"image\":{\"@id\":\"https:\\\/\\\/csa4x4.es\\\/#\\\/schema\\\/logo\\\/image\\\/\"},\"sameAs\":[\"https:\\\/\\\/www.facebook.com\\\/CsaPreparaciones\\\/\",\"https:\\\/\\\/www.instagram.com\\\/csa4x4\\\/\",\"https:\\\/\\\/www.pinterest.es\\\/csapreparaciones\\\/\"]}]}<\/script>\n<!-- \/ Yoast SEO plugin. -->","yoast_head_json":{"title":"okey | 4x4 Vorbereitungen und 4x4 Werkstatt, mehr als 25 Jahre Erfahrung | CSA","robots":{"index":"index","follow":"follow","max-snippet":"max-snippet:-1","max-image-preview":"max-image-preview:large","max-video-preview":"max-video-preview:-1"},"canonical":"https:\/\/csa4x4.es\/de\/projekt-in-ordnung\/","og_locale":"de_DE","og_type":"article","og_title":"okey | Preparaciones 4x4 y Taller 4x4, M\u00e1s de 25 A\u00f1os de Experiencia | CSA","og_description":"okey","og_url":"https:\/\/csa4x4.es\/de\/projekt-in-ordnung\/","og_site_name":"Preparaciones 4x4 y Taller 4x4, M\u00e1s de 25 A\u00f1os de Experiencia | CSA","article_publisher":"https:\/\/www.facebook.com\/CsaPreparaciones\/","twitter_card":"summary_large_image","twitter_misc":{"Gesch\u00e4tzte Lesezeit":"1\u00a0Minute"},"schema":{"@context":"https:\/\/schema.org","@graph":[{"@type":"WebPage","@id":"https:\/\/csa4x4.es\/project-okey\/","url":"https:\/\/csa4x4.es\/project-okey\/","name":"okey | 4x4 Vorbereitungen und 4x4 Werkstatt, mehr als 25 Jahre Erfahrung | CSA","isPartOf":{"@id":"https:\/\/csa4x4.es\/#website"},"datePublished":"2023-02-25T10:23:41+00:00","breadcrumb":{"@id":"https:\/\/csa4x4.es\/project-okey\/#breadcrumb"},"inLanguage":"de","potentialAction":[{"@type":"ReadAction","target":["https:\/\/csa4x4.es\/project-okey\/"]}]},{"@type":"BreadcrumbList","@id":"https:\/\/csa4x4.es\/project-okey\/#breadcrumb","itemListElement":[{"@type":"ListItem","position":1,"name":"CSA 4X4 - Taller 4x4","item":"https:\/\/csa4x4.es\/"},{"@type":"ListItem","position":2,"name":"okey"}]},{"@type":"WebSite","@id":"https:\/\/csa4x4.es\/#website","url":"https:\/\/csa4x4.es\/","name":"4x4 Vorbereitungen und 4x4 Werkstatt, mehr als 25 Jahre Erfahrung | CSA","description":"Wir bieten Ihnen f\u00fcr die Vorbereitung Ihres 4x4 ein einzigartiges menschliches und technisches Team in Spanien. Besuchen Sie uns und sehen Sie sich die Vorbereitungen an, die wir durchf\u00fchren.","publisher":{"@id":"https:\/\/csa4x4.es\/#organization"},"potentialAction":[{"@type":"SearchAction","target":{"@type":"EntryPoint","urlTemplate":"https:\/\/csa4x4.es\/?s={search_term_string}"},"query-input":{"@type":"PropertyValueSpecification","valueRequired":true,"valueName":"search_term_string"}}],"inLanguage":"de"},{"@type":"Organization","@id":"https:\/\/csa4x4.es\/#organization","name":"CSA 4x4 Vorbereitungen","url":"https:\/\/csa4x4.es\/","logo":{"@type":"ImageObject","inLanguage":"de","@id":"https:\/\/csa4x4.es\/#\/schema\/logo\/image\/","url":"https:\/\/csa4x4.es\/wp-content\/uploads\/csa-4x4-home-logo.png","contentUrl":"https:\/\/csa4x4.es\/wp-content\/uploads\/csa-4x4-home-logo.png","width":178,"height":113,"caption":"CSA preparaciones 4x4"},"image":{"@id":"https:\/\/csa4x4.es\/#\/schema\/logo\/image\/"},"sameAs":["https:\/\/www.facebook.com\/CsaPreparaciones\/","https:\/\/www.instagram.com\/csa4x4\/","https:\/\/www.pinterest.es\/csapreparaciones\/"]}]}},"_links":{"self":[{"href":"https:\/\/csa4x4.es\/de\/wp-json\/wp\/v2\/pages\/6756","targetHints":{"allow":["GET"]}}],"collection":[{"href":"https:\/\/csa4x4.es\/de\/wp-json\/wp\/v2\/pages"}],"about":[{"href":"https:\/\/csa4x4.es\/de\/wp-json\/wp\/v2\/types\/page"}],"author":[{"embeddable":true,"href":"https:\/\/csa4x4.es\/de\/wp-json\/wp\/v2\/users\/4"}],"replies":[{"embeddable":true,"href":"https:\/\/csa4x4.es\/de\/wp-json\/wp\/v2\/comments?post=6756"}],"version-history":[{"count":1,"href":"https:\/\/csa4x4.es\/de\/wp-json\/wp\/v2\/pages\/6756\/revisions"}],"predecessor-version":[{"id":6757,"href":"https:\/\/csa4x4.es\/de\/wp-json\/wp\/v2\/pages\/6756\/revisions\/6757"}],"wp:attachment":[{"href":"https:\/\/csa4x4.es\/de\/wp-json\/wp\/v2\/media?parent=6756"}],"curies":[{"name":"wp","href":"https:\/\/api.w.org\/{rel}","templated":true}]}}