{"id":3388,"date":"2018-11-22T01:36:57","date_gmt":"2018-11-22T01:36:57","guid":{"rendered":"https:\/\/csa4x4.es\/?page_id=3388"},"modified":"2024-03-18T10:42:12","modified_gmt":"2024-03-18T10:42:12","slug":"datenschutzpolitik","status":"publish","type":"page","link":"https:\/\/csa4x4.es\/de\/politica-de-privacidad\/","title":{"rendered":"Datenschutzbestimmungen"},"content":{"rendered":"<div data-elementor-type=\"wp-page\" data-elementor-id=\"3388\" class=\"elementor elementor-3388\" data-elementor-post-type=\"page\">\n\t\t\t\t\t\t<section class=\"elementor-section elementor-top-section elementor-element elementor-element-698e1b01 elementor-section-boxed elementor-section-height-default elementor-section-height-default\" data-id=\"698e1b01\" data-element_type=\"section\" data-e-type=\"section\">\n\t\t\t\t\t\t<div class=\"elementor-container elementor-column-gap-default\">\n\t\t\t\t\t<div class=\"elementor-column elementor-col-100 elementor-top-column elementor-element elementor-element-7d3efdb6\" data-id=\"7d3efdb6\" data-element_type=\"column\" data-e-type=\"column\">\n\t\t\t<div class=\"elementor-widget-wrap elementor-element-populated\">\n\t\t\t\t\t\t<div class=\"elementor-element elementor-element-73daa761 elementor-widget elementor-widget-text-editor\" data-id=\"73daa761\" data-element_type=\"widget\" data-e-type=\"widget\" data-widget_type=\"text-editor.default\">\n\t\t\t\t<div class=\"elementor-widget-container\">\n\t\t\t\t\t\t\t\t\t<h1 class=\"p3\" style=\"text-align: justify;\"><span class=\"s1\"><b>DATENSCHUTZPOLITIK<\/b><\/span><\/h1>\r\n<p class=\"p1\" style=\"text-align: justify;\"><span class=\"s1\"><b>1.- BENUTZERINFORMATIONEN<\/b><\/span><\/p>\r\n<p class=\"p1\" style=\"text-align: justify;\"><span class=\"s1\">CSA PREPARACIONES 2000 SL informiert die Nutzer seiner Website \u00fcber seine Politik in Bezug auf die Behandlung und den Schutz der pers\u00f6nlichen Daten von Nutzern und Kunden, die durch das Durchsuchen der Website oder die Inanspruchnahme von Dienstleistungen oder den Kauf von Produkten \u00fcber die Website gewonnen werden k\u00f6nnen.<\/span><\/p>\r\n<p class=\"p1\" style=\"text-align: justify;\"><span class=\"s1\">CSA PREPARACIONES 2000 SL ist f\u00fcr die Verarbeitung der personenbezogenen Daten des Nutzers verantwortlich und informiert Sie dar\u00fcber, dass diese Daten gem\u00e4\u00df den Bestimmungen der geltenden Gesetzgebung zum Schutz personenbezogener Daten, der Verordnung (EU) 2016\/679 vom 27. April 2016 (GDPR) zum Schutz nat\u00fcrlicher Personen bei der Verarbeitung personenbezogener Daten und zum freien Datenverkehr, verarbeitet werden, weshalb Sie die folgenden Verarbeitungshinweise erhalten:<\/span><\/p>\r\n\r\n<table class=\"t1\" cellspacing=\"0\" cellpadding=\"0\">\r\n<tbody>\r\n<tr>\r\n<td class=\"td1\" valign=\"top\">\r\n<p class=\"p1\"><span class=\"s1\"><b><i>Ende der Behandlung<\/i><\/b><\/span><\/p>\r\n<\/td>\r\n<td class=\"td2\" valign=\"top\">\r\n<p class=\"p1\"><span class=\"s1\"><b><i>Rechtsgrundlage f\u00fcr die Verarbeitung<\/i><\/b><\/span><\/p>\r\n<\/td>\r\n<\/tr>\r\n<tr>\r\n<td class=\"td3\" valign=\"top\">\r\n<p class=\"p1\"><span class=\"s1\">Aufrechterhaltung einer Gesch\u00e4ftsbeziehung mit dem Benutzer<\/span><\/p>\r\n<\/td>\r\n<td class=\"td4\" valign=\"top\">\r\n<p class=\"p1\"><span class=\"s1\">Einverst\u00e4ndnis der betroffenen Person<\/span><\/p>\r\n<\/td>\r\n<\/tr>\r\n<tr>\r\n<td class=\"td5\" valign=\"top\">\r\n<p class=\"p1\"><span class=\"s1\">Senden von Mitteilungen mit Informationen \u00fcber Produkte oder Dienstleistungen, die der Benutzer angefordert hat.<\/span><\/p>\r\n<\/td>\r\n<td class=\"td6\" valign=\"top\">\r\n<p class=\"p1\"><span class=\"s1\">Einverst\u00e4ndnis der betroffenen Person<\/span><\/p>\r\n<\/td>\r\n<\/tr>\r\n<\/tbody>\r\n<\/table>\r\n<p class=\"p1\" style=\"text-align: justify;\"><span class=\"s1\">F\u00fcr die Durchf\u00fchrung der Verarbeitung sind folgende Vorg\u00e4nge vorgesehen:<\/span><\/p>\r\n\r\n<ul class=\"ul1\" style=\"text-align: justify;\">\r\n \t<li class=\"li1\"><span class=\"s1\">Das Versenden kommerzieller Werbemitteilungen per E-Mail, Fax, SMS, MMS, \u00fcber soziale Netzwerke oder jedes andere gegenw\u00e4rtige oder zuk\u00fcnftige elektronische oder physische Mittel, das kommerzielle Mitteilungen erm\u00f6glicht. Diese Mitteilungen werden von CSA PREPARACIONES 2000 SL durchgef\u00fchrt und beziehen sich auf die Produkte und Dienstleistungen von CSA PREPARACIONES 2000 SL oder von Mitarbeitern oder Lieferanten, mit denen CSA PREPARACIONES 2000 SL eine Werbevereinbarung getroffen hat. In diesem Fall haben Dritte niemals Zugang zu pers\u00f6nlichen Daten. <\/span><\/li>\r\n \t<li class=\"li1\"><span class=\"s1\">F\u00fchren Sie statistische Studien durch. <\/span><\/li>\r\n \t<li class=\"li1\"><span class=\"s1\">Um Bestellungen, Anfragen oder jede Art von Anfrage zu bearbeiten, die der Nutzer \u00fcber eine der ihm zur Verf\u00fcgung gestellten Kontaktformen stellt. <\/span><\/li>\r\n \t<li class=\"li1\"><span class=\"s1\">Versenden Sie den Newsletter der Website. <\/span><\/li>\r\n<\/ul>\r\n<p class=\"p1\" style=\"text-align: justify;\"><span class=\"s1\"><b>Kriterien f\u00fcr die Datenaufbewahrung:<\/b> solange aufbewahrt werden, wie ein beiderseitiges Interesse an der Aufrechterhaltung des Zwecks der Verarbeitung besteht, und wenn sie f\u00fcr diesen Zweck nicht mehr erforderlich sind, mit geeigneten Sicherheitsma\u00dfnahmen gel\u00f6scht werden, um die Pseudonymisierung der Daten oder die vollst\u00e4ndige Vernichtung der Daten zu gew\u00e4hrleisten.<\/span><\/p>\r\n<p class=\"p1\" style=\"text-align: justify;\"><span class=\"s1\"><b>\u00dcbermittlung von Daten:<\/b> Die Daten werden nicht an andere Empf\u00e4nger weitergegeben, es sei denn, Sie sind gesetzlich dazu verpflichtet.<\/span><\/p>\r\n<p class=\"p1\" style=\"text-align: justify;\"><span class=\"s1\"><b>Rechte des Nutzers:<\/b><\/span><\/p>\r\n\r\n<ul class=\"ul1\" style=\"text-align: justify;\">\r\n \t<li class=\"li1\"><span class=\"s1\">Recht auf jederzeitigen Widerruf der Zustimmung.<\/span><\/li>\r\n \t<li class=\"li1\"><span class=\"s1\">Das Recht auf Zugang, Berichtigung, \u00dcbertragbarkeit und L\u00f6schung Ihrer Daten sowie das Recht, die Verarbeitung einzuschr\u00e4nken oder ihr zu widersprechen.<\/span><\/li>\r\n \t<li class=\"li1\"><span class=\"s1\">Das Recht, eine Beschwerde bei der Aufsichtsbeh\u00f6rde (agpd.es) einzureichen, wenn Sie der Meinung sind, dass die Verarbeitung nicht mit den geltenden Vorschriften \u00fcbereinstimmt.<\/span><\/li>\r\n<\/ul>\r\n<p class=\"p1\" style=\"text-align: justify;\"><span class=\"s1\"><b>Kontaktinformationen f\u00fcr die Aus\u00fcbung Ihrer Rechte:<\/b><\/span><\/p>\r\n\r\n<ul class=\"ul1\" style=\"text-align: justify;\">\r\n \t<li class=\"li1\"><span class=\"s1\">Postanschrift: CSA PREPARACIONES 2000 SL. C\/ Guadarrama 25. La Encinilla. 28411 Moralzarzal (Madrid). Spanien.<\/span><\/li>\r\n \t<li class=\"li1\"><span class=\"s1\">E-Mail Adresse: csa@csa4x4.es.<\/span><\/li>\r\n<\/ul>\r\n<p class=\"p1\" style=\"text-align: justify;\"><span class=\"s1\"><b>2. OBLIGATORISCHER ODER FAKULTATIVER CHARAKTER DER VOM BENUTZER BEREITGESTELLTEN INFORMATIONEN<\/b><\/span><\/p>\r\n<p class=\"p1\" style=\"text-align: justify;\"><span class=\"s1\">Durch das Ankreuzen der entsprechenden K\u00e4stchen und die Eingabe von Daten in die mit einem Sternchen (*) gekennzeichneten Felder im Kontaktformular oder in den Download-Formularen akzeptieren die Benutzer ausdr\u00fccklich und frei und unmissverst\u00e4ndlich, dass ihre Daten f\u00fcr die Bearbeitung ihrer Anfrage durch den Anbieter erforderlich sind, wobei die Angabe von Daten in den \u00fcbrigen Feldern freiwillig ist. <\/span><\/p>\r\n<p class=\"p1\" style=\"text-align: justify;\"><span class=\"s1\">Der Nutzer garantiert, dass die pers\u00f6nlichen Daten, die er dem Anbieter zur Verf\u00fcgung stellt, der Wahrheit entsprechen, und ist daf\u00fcr verantwortlich, dass er alle \u00c4nderungen an diesen Daten mitteilt. <\/span><\/p>\r\n<p class=\"p1\" style=\"text-align: justify;\"><span class=\"s1\">Der Anbieter informiert und garantiert den Nutzern ausdr\u00fccklich, dass ihre pers\u00f6nlichen Daten unter keinen Umst\u00e4nden an Dritte weitergegeben werden und dass bei jeder Art der Weitergabe von pers\u00f6nlichen Daten zuvor die ausdr\u00fcckliche, informierte und eindeutige Zustimmung der Nutzer eingeholt wird.<\/span><\/p>\r\n<p class=\"p1\" style=\"text-align: justify;\"><span class=\"s1\">Alle Daten, die \u00fcber die Website abgefragt werden und mit (*) gekennzeichnet sind, sind obligatorisch, da sie f\u00fcr die Bereitstellung eines optimalen Service f\u00fcr den Benutzer erforderlich sind. Die \u00fcbrigen Felder sind zwar fakultativ, k\u00f6nnen aber notwendig sein, um alle erforderlichen Informationen zu erhalten, damit Ihre Anfrage angemessen beantwortet werden kann. Wenn nicht alle Daten angegeben werden, gibt es keine Garantie daf\u00fcr, dass die vom Anbieter bereitgestellten Informationen und Dienstleistungen vollst\u00e4ndig auf Ihre Bed\u00fcrfnisse abgestimmt sind.<\/span><\/p>\r\n<p class=\"p1\" style=\"text-align: justify;\"><span class=\"s1\"><b>3.- SICHERHEITSMASSNAHMEN<\/b><\/span><\/p>\r\n<p class=\"p1\" style=\"text-align: justify;\"><span class=\"s1\">dass der Anbieter in \u00dcbereinstimmung mit den geltenden Vorschriften zum Schutz personenbezogener Daten alle Bestimmungen der DSGVO f\u00fcr die Verarbeitung personenbezogener Daten unter seiner Verantwortung einh\u00e4lt und sich offensichtlich an die in Artikel 5 der DSGVO beschriebenen Grunds\u00e4tze h\u00e4lt, wonach die Daten rechtm\u00e4\u00dfig, nach Treu und Glauben und auf transparente Weise gegen\u00fcber der betroffenen Person verarbeitet werden und den Zwecken, f\u00fcr die sie verarbeitet werden, entsprechen, daf\u00fcr erheblich sind und sich auf das Notwendige beschr\u00e4nken.<\/span><\/p>\r\n<p class=\"p1\" style=\"text-align: justify;\"><span class=\"s1\">Der Anbieter garantiert, dass er geeignete technische und organisatorische Ma\u00dfnahmen ergriffen hat, um die von der DSGVO festgelegten Sicherheitsma\u00dfnahmen anzuwenden, um die Rechte und Freiheiten der Nutzer zu sch\u00fctzen, und dass er ihnen die entsprechenden Informationen zur Verf\u00fcgung gestellt hat, damit sie diese aus\u00fcben k\u00f6nnen.<\/span><\/p>\t\t\t\t\t\t\t\t<\/div>\n\t\t\t\t<\/div>\n\t\t\t\t\t<\/div>\n\t\t<\/div>\n\t\t\t\t\t<\/div>\n\t\t<\/section>\n\t\t\t\t<\/div>","protected":false},"excerpt":{"rendered":"<p>POL\u00cdTICA DE PRIVACIDAD 1.- INFORMACI\u00d3N AL USUARIO CSA PREPARACIONES 2000 SL informa a los usuarios del sitio web sobre su pol\u00edtica respecto del tratamiento y protecci\u00f3n de los datos de car\u00e1cter personal de los usuarios y clientes que puedan ser recabados por la navegaci\u00f3n o contrataci\u00f3n de servicios o adquisici\u00f3n de productos, a trav\u00e9s de [&hellip;]<\/p>\n","protected":false},"author":2,"featured_media":0,"parent":0,"menu_order":0,"comment_status":"closed","ping_status":"closed","template":"elementor_header_footer","meta":{"site-sidebar-layout":"default","site-content-layout":"","ast-site-content-layout":"default","site-content-style":"default","site-sidebar-style":"default","ast-global-header-display":"","ast-banner-title-visibility":"","ast-main-header-display":"","ast-hfb-above-header-display":"","ast-hfb-below-header-display":"","ast-hfb-mobile-header-display":"","site-post-title":"","ast-breadcrumbs-content":"","ast-featured-img":"","footer-sml-layout":"","ast-disable-related-posts":"","theme-transparent-header-meta":"","adv-header-id-meta":"","stick-header-meta":"","header-above-stick-meta":"","header-main-stick-meta":"","header-below-stick-meta":"","astra-migrate-meta-layouts":"default","ast-page-background-enabled":"default","ast-page-background-meta":{"desktop":{"background-color":"var(--ast-global-color-4)","background-image":"","background-repeat":"repeat","background-position":"center center","background-size":"auto","background-attachment":"scroll","background-type":"","background-media":"","overlay-type":"","overlay-color":"","overlay-opacity":"","overlay-gradient":""},"tablet":{"background-color":"","background-image":"","background-repeat":"repeat","background-position":"center center","background-size":"auto","background-attachment":"scroll","background-type":"","background-media":"","overlay-type":"","overlay-color":"","overlay-opacity":"","overlay-gradient":""},"mobile":{"background-color":"","background-image":"","background-repeat":"repeat","background-position":"center center","background-size":"auto","background-attachment":"scroll","background-type":"","background-media":"","overlay-type":"","overlay-color":"","overlay-opacity":"","overlay-gradient":""}},"ast-content-background-meta":{"desktop":{"background-color":"var(--ast-global-color-5)","background-image":"","background-repeat":"repeat","background-position":"center center","background-size":"auto","background-attachment":"scroll","background-type":"","background-media":"","overlay-type":"","overlay-color":"","overlay-opacity":"","overlay-gradient":""},"tablet":{"background-color":"var(--ast-global-color-5)","background-image":"","background-repeat":"repeat","background-position":"center center","background-size":"auto","background-attachment":"scroll","background-type":"","background-media":"","overlay-type":"","overlay-color":"","overlay-opacity":"","overlay-gradient":""},"mobile":{"background-color":"var(--ast-global-color-5)","background-image":"","background-repeat":"repeat","background-position":"center center","background-size":"auto","background-attachment":"scroll","background-type":"","background-media":"","overlay-type":"","overlay-color":"","overlay-opacity":"","overlay-gradient":""}},"footnotes":""},"class_list":["post-3388","page","type-page","status-publish","hentry"],"yoast_head":"<!-- This site is optimized with the Yoast SEO plugin v27.3 - https:\/\/yoast.com\/product\/yoast-seo-wordpress\/ -->\n<title>Pol\u00edtica de privacidad | Preparaciones 4x4 y Taller 4x4, M\u00e1s de 25 A\u00f1os de Experiencia | CSA<\/title>\n<meta name=\"robots\" content=\"index, follow, max-snippet:-1, max-image-preview:large, max-video-preview:-1\" \/>\n<link rel=\"canonical\" href=\"https:\/\/csa4x4.es\/de\/datenschutzpolitik\/\" \/>\n<meta property=\"og:locale\" content=\"de_DE\" \/>\n<meta property=\"og:type\" content=\"article\" \/>\n<meta property=\"og:title\" content=\"Pol\u00edtica de privacidad | Preparaciones 4x4 y Taller 4x4, M\u00e1s de 25 A\u00f1os de Experiencia | CSA\" \/>\n<meta property=\"og:description\" content=\"POL\u00cdTICA DE PRIVACIDAD 1.- INFORMACI\u00d3N AL USUARIO CSA PREPARACIONES 2000 SL informa a los usuarios del sitio web sobre su pol\u00edtica respecto del tratamiento y protecci\u00f3n de los datos de car\u00e1cter personal de los usuarios y clientes que puedan ser recabados por la navegaci\u00f3n o contrataci\u00f3n de servicios o adquisici\u00f3n de productos, a trav\u00e9s de [&hellip;]\" \/>\n<meta property=\"og:url\" content=\"https:\/\/csa4x4.es\/de\/datenschutzpolitik\/\" \/>\n<meta property=\"og:site_name\" content=\"Preparaciones 4x4 y Taller 4x4, M\u00e1s de 25 A\u00f1os de Experiencia | CSA\" \/>\n<meta property=\"article:publisher\" content=\"https:\/\/www.facebook.com\/CsaPreparaciones\/\" \/>\n<meta property=\"article:modified_time\" content=\"2024-03-18T10:42:12+00:00\" \/>\n<meta name=\"twitter:card\" content=\"summary_large_image\" \/>\n<meta name=\"twitter:label1\" content=\"Gesch\u00e4tzte Lesezeit\" \/>\n\t<meta name=\"twitter:data1\" content=\"4\u00a0Minuten\" \/>\n<script type=\"application\/ld+json\" class=\"yoast-schema-graph\">{\"@context\":\"https:\\\/\\\/schema.org\",\"@graph\":[{\"@type\":\"WebPage\",\"@id\":\"https:\\\/\\\/csa4x4.es\\\/politica-de-privacidad\\\/\",\"url\":\"https:\\\/\\\/csa4x4.es\\\/politica-de-privacidad\\\/\",\"name\":\"Pol\u00edtica de privacidad | Preparaciones 4x4 y Taller 4x4, M\u00e1s de 25 A\u00f1os de Experiencia | CSA\",\"isPartOf\":{\"@id\":\"https:\\\/\\\/csa4x4.es\\\/#website\"},\"datePublished\":\"2018-11-22T01:36:57+00:00\",\"dateModified\":\"2024-03-18T10:42:12+00:00\",\"breadcrumb\":{\"@id\":\"https:\\\/\\\/csa4x4.es\\\/politica-de-privacidad\\\/#breadcrumb\"},\"inLanguage\":\"de\",\"potentialAction\":[{\"@type\":\"ReadAction\",\"target\":[\"https:\\\/\\\/csa4x4.es\\\/politica-de-privacidad\\\/\"]}]},{\"@type\":\"BreadcrumbList\",\"@id\":\"https:\\\/\\\/csa4x4.es\\\/politica-de-privacidad\\\/#breadcrumb\",\"itemListElement\":[{\"@type\":\"ListItem\",\"position\":1,\"name\":\"CSA 4X4 - Taller 4x4\",\"item\":\"https:\\\/\\\/csa4x4.es\\\/\"},{\"@type\":\"ListItem\",\"position\":2,\"name\":\"Pol\u00edtica de privacidad\"}]},{\"@type\":\"WebSite\",\"@id\":\"https:\\\/\\\/csa4x4.es\\\/#website\",\"url\":\"https:\\\/\\\/csa4x4.es\\\/\",\"name\":\"Preparaciones 4x4 y Taller 4x4, M\u00e1s de 25 A\u00f1os de Experiencia | CSA\",\"description\":\"Ofrecemos para la preparaci\u00f3n de tu 4x4 un equipo tanto humano como t\u00e9cnico \u00fanico en Espa\u00f1a. Vis\u00edtanos y ver\u00e1s las preparaciones que llevamos a cabo.\",\"publisher\":{\"@id\":\"https:\\\/\\\/csa4x4.es\\\/#organization\"},\"potentialAction\":[{\"@type\":\"SearchAction\",\"target\":{\"@type\":\"EntryPoint\",\"urlTemplate\":\"https:\\\/\\\/csa4x4.es\\\/?s={search_term_string}\"},\"query-input\":{\"@type\":\"PropertyValueSpecification\",\"valueRequired\":true,\"valueName\":\"search_term_string\"}}],\"inLanguage\":\"de\"},{\"@type\":\"Organization\",\"@id\":\"https:\\\/\\\/csa4x4.es\\\/#organization\",\"name\":\"CSA preparaciones 4x4\",\"url\":\"https:\\\/\\\/csa4x4.es\\\/\",\"logo\":{\"@type\":\"ImageObject\",\"inLanguage\":\"de\",\"@id\":\"https:\\\/\\\/csa4x4.es\\\/#\\\/schema\\\/logo\\\/image\\\/\",\"url\":\"https:\\\/\\\/csa4x4.es\\\/wp-content\\\/uploads\\\/csa-4x4-home-logo.png\",\"contentUrl\":\"https:\\\/\\\/csa4x4.es\\\/wp-content\\\/uploads\\\/csa-4x4-home-logo.png\",\"width\":178,\"height\":113,\"caption\":\"CSA preparaciones 4x4\"},\"image\":{\"@id\":\"https:\\\/\\\/csa4x4.es\\\/#\\\/schema\\\/logo\\\/image\\\/\"},\"sameAs\":[\"https:\\\/\\\/www.facebook.com\\\/CsaPreparaciones\\\/\",\"https:\\\/\\\/www.instagram.com\\\/csa4x4\\\/\",\"https:\\\/\\\/www.pinterest.es\\\/csapreparaciones\\\/\"]}]}<\/script>\n<!-- \/ Yoast SEO plugin. -->","yoast_head_json":{"title":"Datenschutz | 4x4 Vorbereitungen und 4x4 Werkstatt, mehr als 25 Jahre Erfahrung | CSA","robots":{"index":"index","follow":"follow","max-snippet":"max-snippet:-1","max-image-preview":"max-image-preview:large","max-video-preview":"max-video-preview:-1"},"canonical":"https:\/\/csa4x4.es\/de\/datenschutzpolitik\/","og_locale":"de_DE","og_type":"article","og_title":"Pol\u00edtica de privacidad | Preparaciones 4x4 y Taller 4x4, M\u00e1s de 25 A\u00f1os de Experiencia | CSA","og_description":"POL\u00cdTICA DE PRIVACIDAD 1.- INFORMACI\u00d3N AL USUARIO CSA PREPARACIONES 2000 SL informa a los usuarios del sitio web sobre su pol\u00edtica respecto del tratamiento y protecci\u00f3n de los datos de car\u00e1cter personal de los usuarios y clientes que puedan ser recabados por la navegaci\u00f3n o contrataci\u00f3n de servicios o adquisici\u00f3n de productos, a trav\u00e9s de [&hellip;]","og_url":"https:\/\/csa4x4.es\/de\/datenschutzpolitik\/","og_site_name":"Preparaciones 4x4 y Taller 4x4, M\u00e1s de 25 A\u00f1os de Experiencia | CSA","article_publisher":"https:\/\/www.facebook.com\/CsaPreparaciones\/","article_modified_time":"2024-03-18T10:42:12+00:00","twitter_card":"summary_large_image","twitter_misc":{"Gesch\u00e4tzte Lesezeit":"4\u00a0Minuten"},"schema":{"@context":"https:\/\/schema.org","@graph":[{"@type":"WebPage","@id":"https:\/\/csa4x4.es\/politica-de-privacidad\/","url":"https:\/\/csa4x4.es\/politica-de-privacidad\/","name":"Datenschutz | 4x4 Vorbereitungen und 4x4 Werkstatt, mehr als 25 Jahre Erfahrung | CSA","isPartOf":{"@id":"https:\/\/csa4x4.es\/#website"},"datePublished":"2018-11-22T01:36:57+00:00","dateModified":"2024-03-18T10:42:12+00:00","breadcrumb":{"@id":"https:\/\/csa4x4.es\/politica-de-privacidad\/#breadcrumb"},"inLanguage":"de","potentialAction":[{"@type":"ReadAction","target":["https:\/\/csa4x4.es\/politica-de-privacidad\/"]}]},{"@type":"BreadcrumbList","@id":"https:\/\/csa4x4.es\/politica-de-privacidad\/#breadcrumb","itemListElement":[{"@type":"ListItem","position":1,"name":"CSA 4X4 - Taller 4x4","item":"https:\/\/csa4x4.es\/"},{"@type":"ListItem","position":2,"name":"Pol\u00edtica de privacidad"}]},{"@type":"WebSite","@id":"https:\/\/csa4x4.es\/#website","url":"https:\/\/csa4x4.es\/","name":"4x4 Vorbereitungen und 4x4 Werkstatt, mehr als 25 Jahre Erfahrung | CSA","description":"Wir bieten Ihnen f\u00fcr die Vorbereitung Ihres 4x4 ein einzigartiges menschliches und technisches Team in Spanien. Besuchen Sie uns und sehen Sie sich die Vorbereitungen an, die wir durchf\u00fchren.","publisher":{"@id":"https:\/\/csa4x4.es\/#organization"},"potentialAction":[{"@type":"SearchAction","target":{"@type":"EntryPoint","urlTemplate":"https:\/\/csa4x4.es\/?s={search_term_string}"},"query-input":{"@type":"PropertyValueSpecification","valueRequired":true,"valueName":"search_term_string"}}],"inLanguage":"de"},{"@type":"Organization","@id":"https:\/\/csa4x4.es\/#organization","name":"CSA 4x4 Vorbereitungen","url":"https:\/\/csa4x4.es\/","logo":{"@type":"ImageObject","inLanguage":"de","@id":"https:\/\/csa4x4.es\/#\/schema\/logo\/image\/","url":"https:\/\/csa4x4.es\/wp-content\/uploads\/csa-4x4-home-logo.png","contentUrl":"https:\/\/csa4x4.es\/wp-content\/uploads\/csa-4x4-home-logo.png","width":178,"height":113,"caption":"CSA preparaciones 4x4"},"image":{"@id":"https:\/\/csa4x4.es\/#\/schema\/logo\/image\/"},"sameAs":["https:\/\/www.facebook.com\/CsaPreparaciones\/","https:\/\/www.instagram.com\/csa4x4\/","https:\/\/www.pinterest.es\/csapreparaciones\/"]}]}},"_links":{"self":[{"href":"https:\/\/csa4x4.es\/de\/wp-json\/wp\/v2\/pages\/3388","targetHints":{"allow":["GET"]}}],"collection":[{"href":"https:\/\/csa4x4.es\/de\/wp-json\/wp\/v2\/pages"}],"about":[{"href":"https:\/\/csa4x4.es\/de\/wp-json\/wp\/v2\/types\/page"}],"author":[{"embeddable":true,"href":"https:\/\/csa4x4.es\/de\/wp-json\/wp\/v2\/users\/2"}],"replies":[{"embeddable":true,"href":"https:\/\/csa4x4.es\/de\/wp-json\/wp\/v2\/comments?post=3388"}],"version-history":[{"count":4,"href":"https:\/\/csa4x4.es\/de\/wp-json\/wp\/v2\/pages\/3388\/revisions"}],"predecessor-version":[{"id":8853,"href":"https:\/\/csa4x4.es\/de\/wp-json\/wp\/v2\/pages\/3388\/revisions\/8853"}],"wp:attachment":[{"href":"https:\/\/csa4x4.es\/de\/wp-json\/wp\/v2\/media?parent=3388"}],"curies":[{"name":"wp","href":"https:\/\/api.w.org\/{rel}","templated":true}]}}